{"id":744,"date":"2017-05-11T11:16:26","date_gmt":"2017-05-11T10:16:26","guid":{"rendered":"http:\/\/veneziela-naydenova.com\/?page_id=744"},"modified":"2025-01-17T14:35:35","modified_gmt":"2025-01-17T13:35:35","slug":"liens","status":"publish","type":"page","link":"https:\/\/veneziela-naydenova.com\/?page_id=744","title":{"rendered":"Liens"},"content":{"rendered":"<p><a href=\"https:\/\/www.facebook.com\/veneziela.naydenova\">Facebook<\/a><\/p>\n<p><a href=\"http:\/\/www.linkedin.com\/in\/venezielanaydenova\">LinkedIn<\/a><\/p>\n<p>Universit\u00e9 de Fribourg, D\u00e9partement de musicologie (<a href=\"http:\/\/www.unifr.ch\/musicologie\/\">lien<\/a>)<\/p>\n<p>Soci\u00e9t\u00e9 Suisse de Musicologie (<a href=\"http:\/\/www.sagw.ch\/fr\/smg.html\">SSM<\/a>)<\/p>\n<p><em>Soci\u00e9t\u00e9 fran\u00e7aise de musicologie<\/em> (<a href=\"http:\/\/www.sfmusicologie.fr\/\">lien<\/a>)<\/p>\n<p><em>Schweizerischer Jugendmusikwettbewerb<\/em> (<a href=\"http:\/\/www.sjmw.ch\/fr\/\">lien<\/a>)<\/p>\n<p><em>Revue Musicale Suisse <\/em>(<a href=\"http:\/\/www.musikzeitung.ch\/fr\">lien)<\/a><em><br \/><\/em><\/p>\n\n\n<p><\/p>\n","protected":false},"excerpt":{"rendered":"<p>Facebook LinkedIn Universit\u00e9 de Fribourg, D\u00e9partement de musicologie (lien) Soci\u00e9t\u00e9 Suisse de Musicologie (SSM) Soci\u00e9t\u00e9 fran\u00e7aise de musicologie (lien) Schweizerischer Jugendmusikwettbewerb (lien) Revue Musicale Suisse (lien)<\/p>\n","protected":false},"author":1,"featured_media":0,"parent":0,"menu_order":0,"comment_status":"closed","ping_status":"closed","template":"","meta":{"jetpack_post_was_ever_published":false,"footnotes":""},"class_list":["post-744","page","type-page","status-publish","hentry"],"jetpack_sharing_enabled":true,"jetpack_shortlink":"https:\/\/wp.me\/P9rIUe-c0","_links":{"self":[{"href":"https:\/\/veneziela-naydenova.com\/index.php?rest_route=\/wp\/v2\/pages\/744","targetHints":{"allow":["GET"]}}],"collection":[{"href":"https:\/\/veneziela-naydenova.com\/index.php?rest_route=\/wp\/v2\/pages"}],"about":[{"href":"https:\/\/veneziela-naydenova.com\/index.php?rest_route=\/wp\/v2\/types\/page"}],"author":[{"embeddable":true,"href":"https:\/\/veneziela-naydenova.com\/index.php?rest_route=\/wp\/v2\/users\/1"}],"replies":[{"embeddable":true,"href":"https:\/\/veneziela-naydenova.com\/index.php?rest_route=%2Fwp%2Fv2%2Fcomments&post=744"}],"version-history":[{"count":6,"href":"https:\/\/veneziela-naydenova.com\/index.php?rest_route=\/wp\/v2\/pages\/744\/revisions"}],"predecessor-version":[{"id":2182,"href":"https:\/\/veneziela-naydenova.com\/index.php?rest_route=\/wp\/v2\/pages\/744\/revisions\/2182"}],"wp:attachment":[{"href":"https:\/\/veneziela-naydenova.com\/index.php?rest_route=%2Fwp%2Fv2%2Fmedia&parent=744"}],"curies":[{"name":"wp","href":"https:\/\/api.w.org\/{rel}","templated":true}]}}