{"id":678,"date":"2017-02-16T10:59:20","date_gmt":"2017-02-16T09:59:20","guid":{"rendered":"http:\/\/veneziela-naydenova.com\/?page_id=678"},"modified":"2026-01-06T18:30:19","modified_gmt":"2026-01-06T17:30:19","slug":"editions-lyra","status":"publish","type":"page","link":"https:\/\/veneziela-naydenova.com\/?page_id=678","title":{"rendered":"EDITIONS LYRA"},"content":{"rendered":"\n<p>Lien: <a href=\"http:\/\/www.editions-lyra.ch\">www.editions-lyra.ch<\/a><\/p>\n\n\n\n<p>Veneziela Naydenova<br><em>L\u2019\u0152UVRE VOCALE ET SCENIQUE D\u2019EDISON DENISOV<\/em><br>\u00c9ditions Lyra, Neuch\u00e2tel, 2023.<\/p>\n\n\n\n<figure class=\"wp-block-image size-large is-resized\"><img loading=\"lazy\" decoding=\"async\" width=\"690\" height=\"1024\" src=\"http:\/\/veneziela-naydenova.com\/wp-content\/uploads\/Naydenova-Veneziela_Edison-Denisov_Couverture-livre-690x1024.png\" alt=\"\" class=\"wp-image-1962\" style=\"width:212px;height:314px\" srcset=\"https:\/\/veneziela-naydenova.com\/wp-content\/uploads\/Naydenova-Veneziela_Edison-Denisov_Couverture-livre-690x1024.png 690w, https:\/\/veneziela-naydenova.com\/wp-content\/uploads\/Naydenova-Veneziela_Edison-Denisov_Couverture-livre-202x300.png 202w, https:\/\/veneziela-naydenova.com\/wp-content\/uploads\/Naydenova-Veneziela_Edison-Denisov_Couverture-livre-768x1140.png 768w, https:\/\/veneziela-naydenova.com\/wp-content\/uploads\/Naydenova-Veneziela_Edison-Denisov_Couverture-livre-1035x1536.png 1035w, https:\/\/veneziela-naydenova.com\/wp-content\/uploads\/Naydenova-Veneziela_Edison-Denisov_Couverture-livre.png 1078w\" sizes=\"auto, (max-width: 690px) 100vw, 690px\" \/><\/figure>\n\n\n\n<p>Fiche technique:<br>Publication 2023<br>Dimensions 148 mm x 210 mm<br>Nombre de pages 746<\/p>\n\n\n\n<p class=\"has-pale-cyan-blue-background-color has-background\"><strong>Ren\u00e9 GERBER <\/strong>(1908-2006) <br><strong><em>Six divertissements<\/em> (1938)<\/strong><br>2e cahier pour les enfants pour piano \u00e0 4 mains, <br>\u00c9ditions Lyra, Neuch\u00e2tel, 2019-2024<\/p>\n\n\n\n<p><\/p>\n\n\n\n<p><\/p>\n\n\n<p><img loading=\"lazy\" decoding=\"async\" class=\"alignleft wp-image-778 \" src=\"http:\/\/veneziela-naydenova.com\/wp-content\/uploads\/Hristov_D_Varna-Photo-R_Donev-200x300.jpg\" alt=\"\" width=\"186\" height=\"279\" srcset=\"https:\/\/veneziela-naydenova.com\/wp-content\/uploads\/Hristov_D_Varna-Photo-R_Donev-200x300.jpg 200w, https:\/\/veneziela-naydenova.com\/wp-content\/uploads\/Hristov_D_Varna-Photo-R_Donev.jpg 640w\" sizes=\"auto, (max-width: 186px) 100vw, 186px\" \/><strong>Dobri HRISTOV<\/strong> (1875-1941)<br \/><strong><em>Chants orthodoxes<br \/><\/em><\/strong>pour ch\u0153ur mixte a cappella<br \/>\u00c9ditions Lyra, Neuch\u00e2tel, 2016<br \/>Prix: CHF 20.00<br \/>Les partitions contenues dans ce recueil peuvent \u00eatre achet\u00e9es s\u00e9par\u00e9ment et en quantit\u00e9 \u00e0 l&rsquo;usage des choristes (minimum 10 ex.)<br \/><span id=\"email-display\">Commandez par mail: <a href=\"editions.lyra@gmail.com\">editions.lyra@gmail.com<\/a><\/span><\/p>\n\n\n<p><\/p>\n\n\n\n<p><strong>&nbsp;<\/strong><br><\/p>\n\n\n\n<p><\/p>\n","protected":false},"excerpt":{"rendered":"<p>Lien: www.editions-lyra.ch Veneziela NaydenovaL\u2019\u0152UVRE VOCALE ET SCENIQUE D\u2019EDISON DENISOV\u00c9ditions Lyra, Neuch\u00e2tel, 2023. Fiche technique:Publication 2023Dimensions 148 mm x 210 mmNombre de pages 746 Ren\u00e9 GERBER (1908-2006) Six divertissements (1938)2e cahier pour les enfants pour piano \u00e0 4 mains, \u00c9ditions Lyra, Neuch\u00e2tel, 2019-2024 Dobri HRISTOV (1875-1941)Chants orthodoxespour ch\u0153ur mixte a cappella\u00c9ditions Lyra, Neuch\u00e2tel, 2016Prix: CHF 20.00Les&hellip;<a href=\"https:\/\/veneziela-naydenova.com\/?page_id=678\" class=\"more-link\">Continue reading <span class=\"screen-reader-text\">EDITIONS LYRA<\/span><\/a><\/p>\n","protected":false},"author":1,"featured_media":0,"parent":656,"menu_order":0,"comment_status":"closed","ping_status":"closed","template":"","meta":{"jetpack_post_was_ever_published":false,"footnotes":""},"class_list":["post-678","page","type-page","status-publish","hentry"],"jetpack_sharing_enabled":true,"jetpack_shortlink":"https:\/\/wp.me\/P9rIUe-aW","_links":{"self":[{"href":"https:\/\/veneziela-naydenova.com\/index.php?rest_route=\/wp\/v2\/pages\/678","targetHints":{"allow":["GET"]}}],"collection":[{"href":"https:\/\/veneziela-naydenova.com\/index.php?rest_route=\/wp\/v2\/pages"}],"about":[{"href":"https:\/\/veneziela-naydenova.com\/index.php?rest_route=\/wp\/v2\/types\/page"}],"author":[{"embeddable":true,"href":"https:\/\/veneziela-naydenova.com\/index.php?rest_route=\/wp\/v2\/users\/1"}],"replies":[{"embeddable":true,"href":"https:\/\/veneziela-naydenova.com\/index.php?rest_route=%2Fwp%2Fv2%2Fcomments&post=678"}],"version-history":[{"count":31,"href":"https:\/\/veneziela-naydenova.com\/index.php?rest_route=\/wp\/v2\/pages\/678\/revisions"}],"predecessor-version":[{"id":2446,"href":"https:\/\/veneziela-naydenova.com\/index.php?rest_route=\/wp\/v2\/pages\/678\/revisions\/2446"}],"up":[{"embeddable":true,"href":"https:\/\/veneziela-naydenova.com\/index.php?rest_route=\/wp\/v2\/pages\/656"}],"wp:attachment":[{"href":"https:\/\/veneziela-naydenova.com\/index.php?rest_route=%2Fwp%2Fv2%2Fmedia&parent=678"}],"curies":[{"name":"wp","href":"https:\/\/api.w.org\/{rel}","templated":true}]}}