{"id":672,"date":"2017-02-16T10:54:02","date_gmt":"2017-02-16T09:54:02","guid":{"rendered":"http:\/\/veneziela-naydenova.com\/?page_id=672"},"modified":"2026-01-06T18:27:46","modified_gmt":"2026-01-06T17:27:46","slug":"bienvenue","status":"publish","type":"page","link":"https:\/\/veneziela-naydenova.com\/","title":{"rendered":"Bienvenue!"},"content":{"rendered":"\n<hr class=\"wp-block-separator has-alpha-channel-opacity\"\/>\n\n\n\n<p><span style=\"color: #000080;\"><img loading=\"lazy\" decoding=\"async\" width=\"84\" height=\"84\" class=\"alignnone  wp-image-45\" src=\"http:\/\/veneziela-naydenova.com\/wp-content\/uploads\/2016\/10\/Veneziela-Naydenova_VL_NE_4365-small-150x150.jpg\" alt=\"\" srcset=\"https:\/\/veneziela-naydenova.com\/wp-content\/uploads\/2016\/10\/Veneziela-Naydenova_VL_NE_4365-small-150x150.jpg 150w, https:\/\/veneziela-naydenova.com\/wp-content\/uploads\/2016\/10\/Veneziela-Naydenova_VL_NE_4365-small-365x365.jpg 365w, https:\/\/veneziela-naydenova.com\/wp-content\/uploads\/2016\/10\/Veneziela-Naydenova_VL_NE_4365-small-500x500.jpg 500w\" sizes=\"auto, (max-width: 84px) 100vw, 84px\" \/><\/span> Bienvenue sur le site de Veneziela Naydenova, musicienne et docteure en musicologie<\/p>\n\n\n\n<div class=\"wp-block-group is-nowrap is-layout-flex wp-container-core-group-is-layout-ad2f72ca wp-block-group-is-layout-flex\">\n<div class=\"wp-block-group\"><div class=\"wp-block-group__inner-container is-layout-constrained wp-block-group-is-layout-constrained\">\n<h2 class=\"wp-block-heading\"><strong><mark style=\"background-color:rgba(0, 0, 0, 0)\" class=\"has-inline-color has-gateway-dark-gray-color\">Publications<\/mark><\/strong><\/h2>\n\n\n\n<div class=\"wp-block-group\"><div class=\"wp-block-group__inner-container is-layout-constrained wp-block-group-is-layout-constrained\">\n<div class=\"wp-block-group is-nowrap is-layout-flex wp-container-core-group-is-layout-ad2f72ca wp-block-group-is-layout-flex\">\n<figure class=\"wp-block-image is-resized\"><img loading=\"lazy\" decoding=\"async\" width=\"1078\" height=\"1600\" src=\"https:\/\/veneziela-naydenova.com\/wp-content\/uploads\/Naydenova-Veneziela_Edison-Denisov_Couverture-livre.png\" alt=\"Couverture Livre\" class=\"wp-image-1962\" style=\"aspect-ratio:0.6737707022724355;width:210px;height:auto\" srcset=\"https:\/\/veneziela-naydenova.com\/wp-content\/uploads\/Naydenova-Veneziela_Edison-Denisov_Couverture-livre.png 1078w, https:\/\/veneziela-naydenova.com\/wp-content\/uploads\/Naydenova-Veneziela_Edison-Denisov_Couverture-livre-202x300.png 202w, https:\/\/veneziela-naydenova.com\/wp-content\/uploads\/Naydenova-Veneziela_Edison-Denisov_Couverture-livre-690x1024.png 690w, https:\/\/veneziela-naydenova.com\/wp-content\/uploads\/Naydenova-Veneziela_Edison-Denisov_Couverture-livre-768x1140.png 768w, https:\/\/veneziela-naydenova.com\/wp-content\/uploads\/Naydenova-Veneziela_Edison-Denisov_Couverture-livre-1035x1536.png 1035w\" sizes=\"auto, (max-width: 1078px) 100vw, 1078px\" \/><\/figure>\n\n\n\n<p><a href=\"https:\/\/veneziela-naydenova.com\/?page_id=678\"><em>L\u2019\u0152UVRE VOCALE ET SCENIQUE D\u2019EDISON DENISOV<\/em><\/a><br>\nVeneziela Naydenova<br>\n\u00c9ditions Lyra, Neuch\u00e2tel, 2023.<\/p>\n<\/div>\n<\/div><\/div>\n\n\n\n<p>Colloques 100 ans Pierre Boulez:<br>compositeur, interpr\u00e8te et acteur culturel<br>Universit\u00e9 Fribourg (Suisse), 19-20 novembre 2025<br>Universit\u00e9 Jean Monnet de Saint-\u00c9tienne (France), 24-25 juin 2025<\/p>\n<\/div><\/div>\n<\/div>\n\n\n\n<div class=\"wp-block-group is-nowrap is-layout-flex wp-container-core-group-is-layout-ad2f72ca wp-block-group-is-layout-flex\">\n<div class=\"wp-block-columns is-layout-flex wp-container-core-columns-is-layout-9d6595d7 wp-block-columns-is-layout-flex\">\n<div class=\"wp-block-column is-layout-flow wp-block-column-is-layout-flow\" style=\"flex-basis:45%\">\n<figure class=\"wp-block-image\"><img loading=\"lazy\" decoding=\"async\" width=\"724\" height=\"1024\" src=\"http:\/\/veneziela-naydenova.com\/wp-content\/uploads\/def.Colloque_Boulez_programme_Couverture-724x1024.jpg\" alt=\"\" class=\"wp-image-2375\" srcset=\"https:\/\/veneziela-naydenova.com\/wp-content\/uploads\/def.Colloque_Boulez_programme_Couverture-724x1024.jpg 724w, https:\/\/veneziela-naydenova.com\/wp-content\/uploads\/def.Colloque_Boulez_programme_Couverture-212x300.jpg 212w, https:\/\/veneziela-naydenova.com\/wp-content\/uploads\/def.Colloque_Boulez_programme_Couverture-768x1086.jpg 768w, https:\/\/veneziela-naydenova.com\/wp-content\/uploads\/def.Colloque_Boulez_programme_Couverture-1086x1536.jpg 1086w, https:\/\/veneziela-naydenova.com\/wp-content\/uploads\/def.Colloque_Boulez_programme_Couverture-1448x2048.jpg 1448w, https:\/\/veneziela-naydenova.com\/wp-content\/uploads\/def.Colloque_Boulez_programme_Couverture-scaled.jpg 1810w\" sizes=\"auto, (max-width: 724px) 100vw, 724px\" \/><\/figure>\n<\/div>\n\n\n\n<div class=\"wp-block-column is-layout-flow wp-block-column-is-layout-flow\" style=\"flex-basis:55%\">\n<figure class=\"wp-block-image size-full is-resized\"><img loading=\"lazy\" decoding=\"async\" width=\"212\" height=\"300\" src=\"http:\/\/veneziela-naydenova.com\/wp-content\/uploads\/image-1.png\" alt=\"L\u2019attribut alt de cette image est vide, son nom de fichier est Affiche-Colloque-Pierre-Boulez-UJM-2025-212x300.png.\" class=\"wp-image-2339\" style=\"width:356px;height:auto\"\/><\/figure>\n<\/div>\n<\/div>\n<\/div>\n\n\n\n<p>Lire (en bulgare): Diana Damrau \u00e0 Varna: <a href=\"https:\/\/kultura.bg\/web\/%d0%b4%d0%b8%d0%b0%d0%bd%d0%b0-%d0%b4%d0%b0%d0%bc%d1%80%d0%b0%d1%83-sole-e-amore\/\">\u0414\u0438\u0430\u043d\u0430 \u0414\u0430\u043c\u0440\u0430\u0443: Sole e Amor<\/a><\/p>\n\n\n\n<p><\/p>\n","protected":false},"excerpt":{"rendered":"<p>Bienvenue sur le site de Veneziela Naydenova, musicienne et docteure en musicologie Publications L\u2019\u0152UVRE VOCALE ET SCENIQUE D\u2019EDISON DENISOV Veneziela Naydenova \u00c9ditions Lyra, Neuch\u00e2tel, 2023. Colloques 100 ans Pierre Boulez:compositeur, interpr\u00e8te et acteur culturelUniversit\u00e9 Fribourg (Suisse), 19-20 novembre 2025Universit\u00e9 Jean Monnet de Saint-\u00c9tienne (France), 24-25 juin 2025 Lire (en bulgare): Diana Damrau \u00e0 Varna: \u0414\u0438\u0430\u043d\u0430&hellip;<a href=\"https:\/\/veneziela-naydenova.com\/\" class=\"more-link\">Continue reading <span class=\"screen-reader-text\">Bienvenue!<\/span><\/a><\/p>\n","protected":false},"author":1,"featured_media":0,"parent":0,"menu_order":0,"comment_status":"closed","ping_status":"closed","template":"","meta":{"jetpack_post_was_ever_published":false,"footnotes":""},"class_list":["post-672","page","type-page","status-publish","hentry"],"jetpack_sharing_enabled":true,"jetpack_shortlink":"https:\/\/wp.me\/P9rIUe-aQ","_links":{"self":[{"href":"https:\/\/veneziela-naydenova.com\/index.php?rest_route=\/wp\/v2\/pages\/672","targetHints":{"allow":["GET"]}}],"collection":[{"href":"https:\/\/veneziela-naydenova.com\/index.php?rest_route=\/wp\/v2\/pages"}],"about":[{"href":"https:\/\/veneziela-naydenova.com\/index.php?rest_route=\/wp\/v2\/types\/page"}],"author":[{"embeddable":true,"href":"https:\/\/veneziela-naydenova.com\/index.php?rest_route=\/wp\/v2\/users\/1"}],"replies":[{"embeddable":true,"href":"https:\/\/veneziela-naydenova.com\/index.php?rest_route=%2Fwp%2Fv2%2Fcomments&post=672"}],"version-history":[{"count":108,"href":"https:\/\/veneziela-naydenova.com\/index.php?rest_route=\/wp\/v2\/pages\/672\/revisions"}],"predecessor-version":[{"id":2444,"href":"https:\/\/veneziela-naydenova.com\/index.php?rest_route=\/wp\/v2\/pages\/672\/revisions\/2444"}],"wp:attachment":[{"href":"https:\/\/veneziela-naydenova.com\/index.php?rest_route=%2Fwp%2Fv2%2Fmedia&parent=672"}],"curies":[{"name":"wp","href":"https:\/\/api.w.org\/{rel}","templated":true}]}}