{"id":621,"date":"2017-02-07T12:46:51","date_gmt":"2017-02-07T11:46:51","guid":{"rendered":"http:\/\/veneziela-naydenova.com\/?page_id=621"},"modified":"2024-08-21T15:46:41","modified_gmt":"2024-08-21T14:46:41","slug":"concerts-2017","status":"publish","type":"page","link":"https:\/\/veneziela-naydenova.com\/?page_id=621","title":{"rendered":"CONCERTS"},"content":{"rendered":"<h3><span style=\"color: #993300;\"><strong>Le Lyceum Club International de Neuch\u00e2tel <\/strong><\/span><\/h3>\n<h3><span style=\"color: #993300;\">S\u00e9ction <em>Musique<\/em><\/span><\/h3>\n<p><strong><a href=\"http:\/\/www.lyceumclubne.ch\/index.php?page=musique\">lien<\/a><br \/>\n<\/strong><\/p>\n<h3><span style=\"color: #993300;\"><strong>Programme sp\u00e9cial 2024<\/strong><\/span><\/h3>\n<p><span style=\"color: #993300;\"><strong><em>Le f\u00e9minin et la cr\u00e9ation f\u00e9minine<\/em><\/strong><\/span><\/p>\n<p><strong>Conf\u00e9rences musicologiques<br \/>\n<\/strong><strong><em><span style=\"color: #993300;\">Profession\u00a0: Compositrice<\/span><br \/>\n<\/em><\/strong><strong>Les mardis 5 mars, 16 avril et 1er octobre 2024 \u00e0 19h30<\/strong><\/p>\n<p><span style=\"color: #ff6600;\"><strong>Mardi, 1er octobre 2024, 19h30\u00a0 (nouvelle date)<br \/>\n<\/strong><\/span><span style=\"color: #000000;\"><span style=\"font-size: 1.1rem;\">Ir\u00e8ne Minder-Jeanneret\u00a0: <\/span><strong style=\"font-size: 1.1rem;\">\u00ab\u00a0Ne peut-on pas simplement exister dans le monde de la composition\u00a0?\u00a0\u00bb<br \/>\n<\/strong><span style=\"font-size: 1.1rem;\">Biographies de compositrices\u00a0: \u00e0 l\u2019aune des possibles plut\u00f4t qu\u2019\u00e0 l\u2019aune du g\u00e9nie<\/span><\/span><\/p>\n<p><span style=\"color: #ff6600;\"><strong>Mardi 16 avril 2024, 19h30<br \/>\n<\/strong><\/span>Veneziela Naydenova\u00a0: <strong>Des compositrices russes de l\u2019autre c\u00f4t\u00e9 du rideau de fer\u00a0<\/strong>: Galina Ustvolskaja, Sofi\u00e2 Gubajdulina<\/p>\n<p><span style=\"color: #ff6600;\"><strong>Mardi, 5 mars 2024, 19h30<br \/>\n<\/strong><\/span>Delphine Vincent\u00a0: <strong>Les compositrices classiques au cin\u00e9ma<\/strong>. De l\u2019absence au talent contrari\u00e9<\/p>\n<h3><span style=\"color: #993300;\"><strong>Adresse:<\/strong> Beaux-Arts 11, 2000 Neuch\u00e2tel<\/span><\/h3>\n","protected":false},"excerpt":{"rendered":"<p>Le Lyceum Club International de Neuch\u00e2tel S\u00e9ction Musique lien Programme sp\u00e9cial 2024 Le f\u00e9minin et la cr\u00e9ation f\u00e9minine Conf\u00e9rences musicologiques Profession\u00a0: Compositrice Les mardis 5 mars, 16 avril et 1er octobre 2024 \u00e0 19h30 Mardi, 1er octobre 2024, 19h30\u00a0 (nouvelle date) Ir\u00e8ne Minder-Jeanneret\u00a0: \u00ab\u00a0Ne peut-on pas simplement exister dans le monde de la composition\u00a0?\u00a0\u00bb Biographies&hellip;<a href=\"https:\/\/veneziela-naydenova.com\/?page_id=621\" class=\"more-link\">Continue reading <span class=\"screen-reader-text\">CONCERTS<\/span><\/a><\/p>\n","protected":false},"author":1,"featured_media":0,"parent":608,"menu_order":0,"comment_status":"closed","ping_status":"closed","template":"","meta":{"jetpack_post_was_ever_published":false,"footnotes":""},"class_list":["post-621","page","type-page","status-publish","hentry"],"jetpack_sharing_enabled":true,"jetpack_shortlink":"https:\/\/wp.me\/P9rIUe-a1","_links":{"self":[{"href":"https:\/\/veneziela-naydenova.com\/index.php?rest_route=\/wp\/v2\/pages\/621","targetHints":{"allow":["GET"]}}],"collection":[{"href":"https:\/\/veneziela-naydenova.com\/index.php?rest_route=\/wp\/v2\/pages"}],"about":[{"href":"https:\/\/veneziela-naydenova.com\/index.php?rest_route=\/wp\/v2\/types\/page"}],"author":[{"embeddable":true,"href":"https:\/\/veneziela-naydenova.com\/index.php?rest_route=\/wp\/v2\/users\/1"}],"replies":[{"embeddable":true,"href":"https:\/\/veneziela-naydenova.com\/index.php?rest_route=%2Fwp%2Fv2%2Fcomments&post=621"}],"version-history":[{"count":11,"href":"https:\/\/veneziela-naydenova.com\/index.php?rest_route=\/wp\/v2\/pages\/621\/revisions"}],"predecessor-version":[{"id":2127,"href":"https:\/\/veneziela-naydenova.com\/index.php?rest_route=\/wp\/v2\/pages\/621\/revisions\/2127"}],"up":[{"embeddable":true,"href":"https:\/\/veneziela-naydenova.com\/index.php?rest_route=\/wp\/v2\/pages\/608"}],"wp:attachment":[{"href":"https:\/\/veneziela-naydenova.com\/index.php?rest_route=%2Fwp%2Fv2%2Fmedia&parent=621"}],"curies":[{"name":"wp","href":"https:\/\/api.w.org\/{rel}","templated":true}]}}