{"id":494,"date":"2017-01-30T17:32:23","date_gmt":"2017-01-30T17:32:23","guid":{"rendered":"http:\/\/veneziela-naydenova.com\/?page_id=494"},"modified":"2025-12-30T15:17:14","modified_gmt":"2025-12-30T14:17:14","slug":"pianiste","status":"publish","type":"page","link":"https:\/\/veneziela-naydenova.com\/?page_id=494","title":{"rendered":"Pianist"},"content":{"rendered":"<p style=\"text-align: right;\"><span style=\"color: #800080;\"><a href=\"http:\/\/veneziela-naydenova.com\/photos\/posters\/photo_varna-2\/\" rel=\"attachment wp-att-503\"><img loading=\"lazy\" decoding=\"async\" class=\"alignleft size-full wp-image-503\" src=\"http:\/\/veneziela-naydenova.com\/wp-content\/uploads\/2017\/01\/Photo_Varna.jpg\" alt=\"\" width=\"180\" height=\"180\" srcset=\"https:\/\/veneziela-naydenova.com\/wp-content\/uploads\/2017\/01\/Photo_Varna.jpg 180w, https:\/\/veneziela-naydenova.com\/wp-content\/uploads\/2017\/01\/Photo_Varna-150x150.jpg 150w\" sizes=\"auto, (max-width: 180px) 100vw, 180px\" \/><\/a>\u00ab\u00a0&#8230;<em>Orchestre \u00e0 elle toute seule, la pianiste Veneziela Naydenova a \u00e9t\u00e9 tout simplement superbe<\/em>\u00ab\u00a0, <\/span><\/p>\n<p style=\"text-align: right;\"><span style=\"color: #800080;\">Express, 10 mai 2000<\/span><\/p>\n<p><br \/><br \/><br \/>Programmes actuels de Veneziela Naydenova (piano):<\/p>\n<p><strong><span style=\"color: #800000;\">Piano solo:<\/span><br \/><span style=\"color: #000000;\"><em>Au clair de lune<\/em><\/span><\/strong><br \/><span style=\"color: #000000;\">\u0152uvres de Beethoven, Chopin, Debussy, Naydenova<strong><br \/><\/strong><em><strong>Pr\u00e9ludes<\/strong><br \/><\/em>\u0152uvres pour piano solo de J.S.Bach, Chopin, Debussy, Ravel, Scriabine, Rachmaninov, Messiaen, Denisov, Naydenova<em><br \/><strong>Musica slavica<\/strong><\/em><\/span><br \/><span style=\"color: #000000;\">\u0152uvres pour piano solo de Chopin, Glinka, Tcha\u00efkovski, Moussorgski, Scriabine, Rachmaninov, Dvo\u0159\u00e1k, Jan\u00e1\u010dek, Stoyanov, Nenov, Naydenova<\/span><br \/><span style=\"color: #000000;\"><em><strong>Danses pour piano<\/strong><\/em><\/span><br \/><span style=\"color: #000000;\">\u0152uvres de Schubert, Chopin, Rachmaninov, Vladigerov, Pipkov, etc.<\/span><br \/><span style=\"color: #000000;\"><em>Les compositrices d&rsquo;hier et d&rsquo;aujourd&rsquo;hui&#8230;<\/em><\/span><strong><br \/><\/strong><\/p>\n\n\n<p><span style=\"color: #000000;\"><\/span><\/p>\n\n\n<hr \/>\n<p style=\"text-align: left;\"><strong><span style=\"color: #993300;\">Musique vocale:<br \/><\/span><\/strong><span style=\"color: #666699;\"><span style=\"color: #000000;\">Veneziela Naydenova aime la musique vocale et collabore avec plusieurs chanteurs.<\/span> <br \/><\/span><span style=\"color: #000000;\">Actuellement: <br \/><strong><em>Vies de femmes<\/em><\/strong> avec <strong>Monique Volery<\/strong>, soprano<\/span><br \/><span style=\"color: #000000;\">Programme d\u00e9di\u00e9 aux femmes, hommage en musique \u00e0 ma m\u00e8re et \u00e0 ma belle-m\u00e8re qui ont rejoint les \u00e9toiles.<\/span><br \/><span style=\"color: #000000;\">Au programme: Schumann, Debussy, Poulenc, Weill, Naydenova<\/span><\/p>\n<hr \/>\n<p><span style=\"color: #993300;\"><strong>Musique de chambre:<\/strong><\/span><\/p>\n<p><span style=\"color: #ff0000;\">Actuellement: <\/span><strong><span style=\"color: #000000;\"><em>Minotaure!<br \/><\/em><\/span><\/strong><span style=\"color: #000000;\">Robert Bouvier (r\u00e9citant)<\/span><br \/><span style=\"color: #000000;\">Irina-Kalina Goudeva (contrebasse &amp; \u00e9lectroniques)<\/span><br \/><span style=\"color: #000000;\">Veneziela Naydenova (piano)<br \/><\/span><span style=\"color: #808080;\">C\u2019est une performance de th\u00e9\u00e2tre musical multim\u00e9dia avec le texte de Friedrich D\u00fcrrenmatt, traduit en fran\u00e7ais par Jean-Paul Clerc, et la musique acoustique et \u00e9lectroacoustique d\u2019Arvo P\u00e4rt, Astor Piazzolla, Ejnar Kanding, Veneziela Naydenova, Jean Sibelius, Claudio Monteverdi, etc.<\/span><br \/><span style=\"color: #808080;\">Production de Musique au ch\u0153ur en collaboration avec Concordia Festival de Musique et d\u2019Art contemporain.<br \/><\/span><span style=\"color: #808080;\">Le Minotaure nous invite \u00e0 questionner les violences de notre temps \u00e0 l\u2019aune de celles des h\u00e9ros de l\u2019antiquit\u00e9.<\/span><\/p>\n<hr \/>\n<p><span style=\"color: #000000;\"><strong><em>CHE TANGO CHE<\/em><em><br \/><\/em><\/strong>Fernando Cleves, violon<\/span><br \/><span style=\"color: #000000;\">Vladislava Kisselova, violoncelle<\/span><br \/><span style=\"color: #000000;\">Veneziela Naydenova, piano<\/span><\/p>\n<p><strong><em><span style=\"color: #000000;\">ROMANCES<\/span><\/em><\/strong><br \/><span style=\"color: #000000;\">Krassimira Jeliazkova-Jones, violon<\/span><br \/><span style=\"color: #000000;\">Veneziela Naydenova, piano<\/span><\/p>\n\n\n<p><br><\/p>\n\n\n\n<p><\/p>\n\n\n\n<p><br><\/p>\n\n\n\n<p><\/p>\n","protected":false},"excerpt":{"rendered":"<p>\u00ab\u00a0&#8230;Orchestre \u00e0 elle toute seule, la pianiste Veneziela Naydenova a \u00e9t\u00e9 tout simplement superbe\u00ab\u00a0, Express, 10 mai 2000 Programmes actuels de Veneziela Naydenova (piano): Piano solo:Au clair de lune\u0152uvres de Beethoven, Chopin, Debussy, NaydenovaPr\u00e9ludes\u0152uvres pour piano solo de J.S.Bach, Chopin, Debussy, Ravel, Scriabine, Rachmaninov, Messiaen, Denisov, NaydenovaMusica slavica\u0152uvres pour piano solo de Chopin, Glinka, Tcha\u00efkovski,&hellip;<a href=\"https:\/\/veneziela-naydenova.com\/?page_id=494\" class=\"more-link\">Continue reading <span class=\"screen-reader-text\">Pianist<\/span><\/a><\/p>\n","protected":false},"author":1,"featured_media":0,"parent":17,"menu_order":0,"comment_status":"closed","ping_status":"closed","template":"","meta":{"jetpack_post_was_ever_published":false,"footnotes":""},"class_list":["post-494","page","type-page","status-publish","hentry"],"jetpack_sharing_enabled":true,"jetpack_shortlink":"https:\/\/wp.me\/P9rIUe-7Y","_links":{"self":[{"href":"https:\/\/veneziela-naydenova.com\/index.php?rest_route=\/wp\/v2\/pages\/494","targetHints":{"allow":["GET"]}}],"collection":[{"href":"https:\/\/veneziela-naydenova.com\/index.php?rest_route=\/wp\/v2\/pages"}],"about":[{"href":"https:\/\/veneziela-naydenova.com\/index.php?rest_route=\/wp\/v2\/types\/page"}],"author":[{"embeddable":true,"href":"https:\/\/veneziela-naydenova.com\/index.php?rest_route=\/wp\/v2\/users\/1"}],"replies":[{"embeddable":true,"href":"https:\/\/veneziela-naydenova.com\/index.php?rest_route=%2Fwp%2Fv2%2Fcomments&post=494"}],"version-history":[{"count":28,"href":"https:\/\/veneziela-naydenova.com\/index.php?rest_route=\/wp\/v2\/pages\/494\/revisions"}],"predecessor-version":[{"id":2399,"href":"https:\/\/veneziela-naydenova.com\/index.php?rest_route=\/wp\/v2\/pages\/494\/revisions\/2399"}],"up":[{"embeddable":true,"href":"https:\/\/veneziela-naydenova.com\/index.php?rest_route=\/wp\/v2\/pages\/17"}],"wp:attachment":[{"href":"https:\/\/veneziela-naydenova.com\/index.php?rest_route=%2Fwp%2Fv2%2Fmedia&parent=494"}],"curies":[{"name":"wp","href":"https:\/\/api.w.org\/{rel}","templated":true}]}}