{"id":288,"date":"2016-11-12T23:21:45","date_gmt":"2016-11-12T23:21:45","guid":{"rendered":"http:\/\/veneziela-naydenova.com\/?page_id=288"},"modified":"2017-02-13T11:03:35","modified_gmt":"2017-02-13T10:03:35","slug":"opera","status":"publish","type":"page","link":"https:\/\/veneziela-naydenova.com\/?page_id=288","title":{"rendered":"OPERA"},"content":{"rendered":"<h3><strong>2015<\/strong><\/h3>\n<h3><strong><em>Aleko<\/em><\/strong><\/h3>\n<p><a href=\"http:\/\/veneziela-naydenova.com\/activities\/opera\/affiche_aleko_web\/\" rel=\"attachment wp-att-302\"><img loading=\"lazy\" decoding=\"async\" class=\"alignleft size-medium wp-image-302\" src=\"http:\/\/veneziela-naydenova.com\/wp-content\/uploads\/2016\/11\/Affiche_Aleko_web-212x300.jpg\" alt=\"affiche_aleko_web\" width=\"212\" height=\"300\" srcset=\"https:\/\/veneziela-naydenova.com\/wp-content\/uploads\/2016\/11\/Affiche_Aleko_web-212x300.jpg 212w, https:\/\/veneziela-naydenova.com\/wp-content\/uploads\/2016\/11\/Affiche_Aleko_web-768x1089.jpg 768w, https:\/\/veneziela-naydenova.com\/wp-content\/uploads\/2016\/11\/Affiche_Aleko_web-722x1024.jpg 722w, https:\/\/veneziela-naydenova.com\/wp-content\/uploads\/2016\/11\/Affiche_Aleko_web.jpg 1767w\" sizes=\"auto, (max-width: 212px) 100vw, 212px\" \/><\/a><\/p>\n<p>Op\u00e9ra de Rachmaninov<strong><br \/>\n<\/strong>8, 9 et 10 mai au <em>Th\u00e9\u00e2tre du Passage<\/em>, Neuchatel<\/p>\n<p>Production: <em>Musique au ch\u0153ur<\/em><br \/>\nDirection musicale : Veneziela Naydenova<br \/>\nMise en sc\u00e8ne : Robert Bouvier<\/p>\n<p>&nbsp;<\/p>\n<p>&nbsp;<\/p>\n<p>&nbsp;<\/p>\n<p>&nbsp;<\/p>\n<hr \/>\n<h3><em><strong>Les Bavards<\/strong><\/em><\/h3>\n<p><em><strong><a href=\"http:\/\/veneziela-naydenova.com\/activities\/opera\/bavards_affiche\/\" rel=\"attachment wp-att-303\"><img loading=\"lazy\" decoding=\"async\" class=\"alignleft size-medium wp-image-303\" src=\"http:\/\/veneziela-naydenova.com\/wp-content\/uploads\/2016\/11\/Bavards_affiche-212x300.jpg\" alt=\"bavards_affiche\" width=\"212\" height=\"300\" srcset=\"https:\/\/veneziela-naydenova.com\/wp-content\/uploads\/2016\/11\/Bavards_affiche-212x300.jpg 212w, https:\/\/veneziela-naydenova.com\/wp-content\/uploads\/2016\/11\/Bavards_affiche-768x1086.jpg 768w, https:\/\/veneziela-naydenova.com\/wp-content\/uploads\/2016\/11\/Bavards_affiche-724x1024.jpg 724w\" sizes=\"auto, (max-width: 212px) 100vw, 212px\" \/><\/a><br \/>\n<\/strong><\/em><span class=\"Apple-style-span\">Op\u00e9ra bouffe d&rsquo;Offenbach<br \/>\n<\/span><span class=\"Apple-style-span\">Projet de la HEM Gen\u00e8ve, site de Neuch\u00e2tel et du CMNE<br \/>\n31.01.2015 \u00e0 Neuch\u00e2tel et 01.02<\/span><span class=\"Apple-style-span\">.2015 \u00e0 La Chaux-de-Fonds<br \/>\n<\/span><span class=\"Apple-style-span\">Direction musicale : Veneziela Naydenova<br \/>\n<\/span>Sc\u00e9nographie et mise en sc\u00e8ne : Stuart Patterson<\/p>\n<p>Distribution: \u00e9tudiants <span class=\"Apple-style-span\">de la HEM Gen\u00e8ve, site de Neuchatel<\/span><\/p>\n<h3><\/h3>\n<h3><\/h3>\n<h3><\/h3>\n<hr \/>\n<h3>2012<\/h3>\n<h3><em><strong>Le Bal de la chauve-souris <\/strong><\/em><\/h3>\n<p>d&rsquo;apr\u00e8s<\/p>\n<h3><em><strong>Die Fledermaus<br \/>\n<\/strong><\/em><\/h3>\n<h3><a href=\"http:\/\/veneziela-naydenova.com\/activities\/opera\/affiche_le_bal_web-2\/\" rel=\"attachment wp-att-292\"><img loading=\"lazy\" decoding=\"async\" class=\"alignleft wp-image-292 size-medium\" src=\"http:\/\/veneziela-naydenova.com\/wp-content\/uploads\/2016\/11\/Affiche_Le_Bal_web-212x300.jpg\" alt=\"affiche_le_bal_web\" width=\"212\" height=\"300\" srcset=\"https:\/\/veneziela-naydenova.com\/wp-content\/uploads\/2016\/11\/Affiche_Le_Bal_web-212x300.jpg 212w, https:\/\/veneziela-naydenova.com\/wp-content\/uploads\/2016\/11\/Affiche_Le_Bal_web-768x1084.jpg 768w, https:\/\/veneziela-naydenova.com\/wp-content\/uploads\/2016\/11\/Affiche_Le_Bal_web-725x1024.jpg 725w\" sizes=\"auto, (max-width: 212px) 100vw, 212px\" \/><\/a><\/h3>\n<h3><\/h3>\n<h3><\/h3>\n<h3><\/h3>\n<h3><\/h3>\n<h3><\/h3>\n<h3><\/h3>\n<hr \/>\n<h3>2006<\/h3>\n<h3><em><strong>La Princesse Cs\u00e1rd\u00e1s<\/strong><\/em><\/h3>\n<p>Op\u00e9rette en trois actes d&rsquo;Emmerich K\u00e1lm\u00e1n (1882-1953)<strong><br \/>\n<\/strong>Livret de Leo Stein et Bela Jenbach<br \/>\nVersion fran\u00e7aise (\u00e9d. 1979): <em>\u00c9ditions Mario Bois<\/em>, Paris<\/p>\n<p>Spectacles \u00e0 l&rsquo;occasion du 150e anniversaire de la soci\u00e9t\u00e9 de chant L&rsquo;Avenir, Saint-Blaise<strong><br \/>\n<\/strong>Production:\u00a0<em>L\u2019Avenir<\/em> de Saint-Blaise<\/p>\n<p>Direction musicale: Veneziela Naydenova<br \/>\nMise en sc\u00e8ne:\u00a0Eddy Jaquet<br \/>\nPiano:\u00a0Roumiana Kirtcheva<br \/>\nChor\u00e9graphie:\u00a0Danielle Estoppey<br \/>\nResponsables des costumes:\u00a0Vera Mogoutchaia, Nicole Staempfli<\/p>\n<hr \/>\n<h3>2003<\/h3>\n<h3><em><strong>Le Chalet<\/strong><\/em><\/h3>\n<p>Op\u00e9ra-comique d&rsquo;Adolphe Charles Adam (1803-1856)<br \/>\nLivret de Scribe et M\u00e9lesville d&rsquo;apr\u00e8s le singspiel\u00a0<em>Jery und B\u00e4tely<\/em>\u00a0de J.-W. Goethe (1779)<br \/>\nProduction:\u00a0<em>L\u2019Avenir<\/em> de Saint-Blaise<br \/>\nDirection musicale et orchestration: Veneziela Naydenova<br \/>\nMise en sc\u00e8ne: Eddy Jaquet<br \/>\nDramaturgie: Fran\u00e7ois Buhler<br \/>\n\u00c9clairages: Alain Micaleff<br \/>\nResponsable de costumes: Vera Mogoutchaia<br \/>\nResponsable des d\u00e9cors: Ren\u00e9 Bula<br \/>\nDistribution:<br \/>\nDaniel :\u00a0Christian Reichen<br \/>\nMax:\u00a0Jean-Claude Hurni<br \/>\nBettly:\u00a0Monique Volery<\/p>\n","protected":false},"excerpt":{"rendered":"<p>2015 Aleko Op\u00e9ra de Rachmaninov 8, 9 et 10 mai au Th\u00e9\u00e2tre du Passage, Neuchatel Production: Musique au ch\u0153ur Direction musicale : Veneziela Naydenova Mise en sc\u00e8ne : Robert Bouvier &nbsp; &nbsp; &nbsp; &nbsp; Les Bavards Op\u00e9ra bouffe d&rsquo;Offenbach Projet de la HEM Gen\u00e8ve, site de Neuch\u00e2tel et du CMNE 31.01.2015 \u00e0 Neuch\u00e2tel et 01.02.2015&hellip;<a href=\"https:\/\/veneziela-naydenova.com\/?page_id=288\" class=\"more-link\">Continue reading <span class=\"screen-reader-text\">OPERA<\/span><\/a><\/p>\n","protected":false},"author":1,"featured_media":0,"parent":17,"menu_order":0,"comment_status":"closed","ping_status":"closed","template":"","meta":{"jetpack_post_was_ever_published":false,"footnotes":""},"class_list":["post-288","page","type-page","status-publish","hentry"],"jetpack_sharing_enabled":true,"jetpack_shortlink":"https:\/\/wp.me\/P9rIUe-4E","_links":{"self":[{"href":"https:\/\/veneziela-naydenova.com\/index.php?rest_route=\/wp\/v2\/pages\/288","targetHints":{"allow":["GET"]}}],"collection":[{"href":"https:\/\/veneziela-naydenova.com\/index.php?rest_route=\/wp\/v2\/pages"}],"about":[{"href":"https:\/\/veneziela-naydenova.com\/index.php?rest_route=\/wp\/v2\/types\/page"}],"author":[{"embeddable":true,"href":"https:\/\/veneziela-naydenova.com\/index.php?rest_route=\/wp\/v2\/users\/1"}],"replies":[{"embeddable":true,"href":"https:\/\/veneziela-naydenova.com\/index.php?rest_route=%2Fwp%2Fv2%2Fcomments&post=288"}],"version-history":[{"count":14,"href":"https:\/\/veneziela-naydenova.com\/index.php?rest_route=\/wp\/v2\/pages\/288\/revisions"}],"predecessor-version":[{"id":601,"href":"https:\/\/veneziela-naydenova.com\/index.php?rest_route=\/wp\/v2\/pages\/288\/revisions\/601"}],"up":[{"embeddable":true,"href":"https:\/\/veneziela-naydenova.com\/index.php?rest_route=\/wp\/v2\/pages\/17"}],"wp:attachment":[{"href":"https:\/\/veneziela-naydenova.com\/index.php?rest_route=%2Fwp%2Fv2%2Fmedia&parent=288"}],"curies":[{"name":"wp","href":"https:\/\/api.w.org\/{rel}","templated":true}]}}