{"id":1746,"date":"2022-06-09T09:58:18","date_gmt":"2022-06-09T08:58:18","guid":{"rendered":"http:\/\/veneziela-naydenova.com\/?page_id=1746"},"modified":"2026-03-20T18:42:09","modified_gmt":"2026-03-20T17:42:09","slug":"agenda-2","status":"publish","type":"page","link":"https:\/\/veneziela-naydenova.com\/?page_id=1746","title":{"rendered":"Agenda"},"content":{"rendered":"\n<div class=\"wp-block-group\"><div class=\"wp-block-group__inner-container is-layout-constrained wp-block-group-is-layout-constrained\">\n<div class=\"wp-block-group\"><div class=\"wp-block-group__inner-container is-layout-constrained wp-block-group-is-layout-constrained\">\n<div class=\"wp-block-group\"><div class=\"wp-block-group__inner-container is-layout-constrained wp-block-group-is-layout-constrained\">\n<div class=\"wp-block-group\"><div class=\"wp-block-group__inner-container is-layout-constrained wp-block-group-is-layout-constrained\">\n<p>Concert<br><\/p>\n\n\n\n<figure class=\"wp-block-image size-large is-resized\"><img loading=\"lazy\" decoding=\"async\" width=\"724\" height=\"1024\" src=\"https:\/\/veneziela-naydenova.com\/wp-content\/uploads\/Le-Minotaure_-A3_29.03.2026-724x1024.jpg\" alt=\"Le Minotaure \u00e0 Sierre\" class=\"wp-image-2461\" style=\"object-fit:cover;width:300px;height:400px\" srcset=\"https:\/\/veneziela-naydenova.com\/wp-content\/uploads\/Le-Minotaure_-A3_29.03.2026-724x1024.jpg 724w, https:\/\/veneziela-naydenova.com\/wp-content\/uploads\/Le-Minotaure_-A3_29.03.2026-212x300.jpg 212w, https:\/\/veneziela-naydenova.com\/wp-content\/uploads\/Le-Minotaure_-A3_29.03.2026-768x1086.jpg 768w, https:\/\/veneziela-naydenova.com\/wp-content\/uploads\/Le-Minotaure_-A3_29.03.2026-750x1061.jpg 750w, https:\/\/veneziela-naydenova.com\/wp-content\/uploads\/Le-Minotaure_-A3_29.03.2026.jpg 842w\" sizes=\"auto, (max-width: 724px) 100vw, 724px\" \/><\/figure>\n\n\n\n<figure class=\"wp-block-pullquote\"><blockquote><p><strong>Colloques<\/strong><br>Pierre Boulez: compositeur, interpr\u00e8te et acteur culturel<br>Universit\u00e9 Fribourg (Suisse), 19-20 novembre 2025<br>Universit\u00e9 Jean Monnet de Saint-\u00c9tienne (France), 24-25 juin 2025<\/p><\/blockquote><\/figure>\n\n\n\n<div class=\"wp-block-group\"><div class=\"wp-block-group__inner-container is-layout-constrained wp-block-group-is-layout-constrained\">\n<figure class=\"wp-block-gallery has-nested-images columns-default is-cropped wp-block-gallery-1 is-layout-flex wp-block-gallery-is-layout-flex\">\n<figure class=\"wp-block-image size-large is-resized\"><img loading=\"lazy\" decoding=\"async\" width=\"724\" height=\"1024\" data-id=\"2375\" src=\"https:\/\/veneziela-naydenova.com\/wp-content\/uploads\/def.Colloque_Boulez_programme_Couverture-724x1024.jpg\" alt=\"\" class=\"wp-image-2375\" style=\"width:423px;height:auto\" srcset=\"https:\/\/veneziela-naydenova.com\/wp-content\/uploads\/def.Colloque_Boulez_programme_Couverture-724x1024.jpg 724w, https:\/\/veneziela-naydenova.com\/wp-content\/uploads\/def.Colloque_Boulez_programme_Couverture-212x300.jpg 212w, https:\/\/veneziela-naydenova.com\/wp-content\/uploads\/def.Colloque_Boulez_programme_Couverture-768x1086.jpg 768w, https:\/\/veneziela-naydenova.com\/wp-content\/uploads\/def.Colloque_Boulez_programme_Couverture-1086x1536.jpg 1086w, https:\/\/veneziela-naydenova.com\/wp-content\/uploads\/def.Colloque_Boulez_programme_Couverture-1448x2048.jpg 1448w, https:\/\/veneziela-naydenova.com\/wp-content\/uploads\/def.Colloque_Boulez_programme_Couverture-scaled.jpg 1810w\" sizes=\"auto, (max-width: 724px) 100vw, 724px\" \/><\/figure>\n\n\n\n<figure class=\"wp-block-image\"><img decoding=\"async\" src=\"http:\/\/veneziela-naydenova.com\/wp-content\/uploads\/image-1.png\" alt=\"L\u2019attribut alt de cette image est vide, son nom de fichier est Affiche-Colloque-Pierre-Boulez-UJM-2025-212x300.png.\"\/><\/figure>\n<\/figure>\n<\/div><\/div>\n<\/div><\/div>\n<\/div><\/div>\n<\/div><\/div>\n\n\n\n<figure class=\"wp-block-pullquote\"><blockquote><p><strong>\u041a\u041e\u041d\u0426\u0415\u0420\u0422<\/strong><br>7 \u044e\u043d\u0438 2025&nbsp;(\u0441\u044a\u0431\u043e\u0442\u0430), 12 \u0447\u0430\u0441\u0430<br>\u041a\u0430\u043c\u0435\u0440\u043d\u0430 \u0437\u0430\u043b\u0430 \u0411\u044a\u043b\u0433\u0430\u0440\u0438\u044f, \u0421\u043e\u0444\u0438\u044f<br><a href=\"https:\/\/www.sofiaweeks.com\/\">\u0421\u043e\u0444\u0438\u0439\u0441\u043a\u0438 \u043c\u0443\u0437\u0438\u043a\u0430\u043b\u043d\u0438 \u0441\u0435\u0434\u043c\u0438\u0446\u0438<\/a><br><strong>\u041f\u043e\u0440\u0442\u0440\u0435\u0442 \u043d\u0430 \u0412\u0435\u043d\u0435\u0446\u0438\u0435\u043b\u0430 \u041d\u0430\u0439\u0434\u0435\u043d\u043e\u0432\u0430<br><\/strong><bdo lang=\"bulgare\" dir=\"ltr\">\u0421 \u0443\u0447\u0430\u0441\u0442\u0438\u0435\u0442\u043e \u043d\u0430:<br>\u0410\u043d\u0434\u0440\u0438\u0430\u043d\u0430 \u0419\u043e\u0440\u0434\u0430\u043d\u043e\u0432\u0430 \u2013 \u0441\u043e\u043f\u0440\u0430\u043d<br>\u0410\u043d\u043d\u0430 \u0424\u0443\u0440\u043d\u0430\u0434\u0436\u0438\u0435\u0432\u0430 \u2013 \u0446\u0438\u0433\u0443\u043b\u043a\u0430<br><a href=\"http:\/\/Irina-Kalina Goudeva\">\u0418\u0440\u0438\u043d\u0430-\u041a\u0430\u043b\u0438\u043d\u0430 \u0413\u0443\u0434\u0435\u0432\u0430<\/a>&nbsp;&#8211; \u043a\u043e\u043d\u0442\u0440\u0430\u0431\u0430\u0441<br>\u0420\u043e\u0441\u0435\u043d \u0418\u0434\u0435\u0430\u043b\u043e\u0432 \u2013 \u043a\u043b\u0430\u0440\u0438\u043d\u0435\u0442<br>\u0421\u0442\u0435\u0444\u0430\u043d \u0411\u043e\u044f\u0434\u0436\u0438\u0435\u0432 \u2013 \u043f\u0438\u0430\u043d\u043e<br>\u0412\u0435\u043d\u0435\u0446\u0438\u0435\u043b\u0430 \u041d\u0430\u0439\u0434\u0435\u043d\u043e\u0432\u0430 <strong>\u2013 \u043a\u043e\u043c\u043f\u043e\u0437\u0438\u0446\u0438\u044f, \u043f\u0438\u0430\u043d\u043e<\/strong><\/bdo><\/p><\/blockquote><\/figure>\n\n\n\n<h2 class=\"wp-block-heading has-text-align-center\">Exposition \u00abLotti &amp; Friedrich D\u00fcrrenmatt \u2013 Musique\u00bb au CDN<\/h2>\n\n\n\n<div class=\"wp-block-group is-nowrap is-layout-flex wp-container-core-group-is-layout-ad2f72ca wp-block-group-is-layout-flex\">\n<figure class=\"wp-block-pullquote\"><blockquote><p>Lancement des 25 ans du <a href=\"https:\/\/www.cdn.ch\/cdn\/de\/home.html\"><strong>Centre D\u00fcrrenmatt Neuch\u00e2tel<\/strong><\/a><br>Vernissage de l\u2019exposition \u00abLotti &amp; Friedrich D\u00fcrrenmatt \u2013 Musique\u00bb<br>Vendredi 21 f\u00e9vrier 2025 \u00e0 18h.<br><em><strong>Vermutungen \u00fcber Lotti. Zehn Capricen f\u00fcr Klavier<\/strong> <\/em>(Pr\u00e9somptions sur Lotti. Dix caprices pour piano), op. 72 (1983) de <strong>Gottfried von Einem<\/strong> (1918\u20131996) par Veneziela Naydenova en <strong>premi\u00e8re suisse.<\/strong><br>C\u2019est un hommage \u00e0 Lotti D\u00fcrrenmatt Geissler (1919\u20131983).<\/p><\/blockquote><\/figure>\n<\/div>\n\n\n<div class=\"wp-block-image\">\n<figure class=\"aligncenter is-resized\" id=\"block-2aff3fc7-0142-4c91-8f92-f73d844f54c0\"><a href=\"https:\/\/www.cdn.ch\/cdn\/fr\/home\/visiter\/expo\/toutes-les-expositions\/expositions-2025\/musique.html\"><img decoding=\"async\" src=\"https:\/\/veneziela-naydenova.com\/wp-content\/uploads\/CDN_Exposition_Musique-300x211.jpg\" alt=\"L\u2019attribut alt de cette image est vide, son nom de fichier est CDN_Exposition_Musique-300x211.jpg.\" style=\"width:414px;height:auto\"\/><\/a><\/figure>\n<\/div><\/div><\/div>\n\n\n\n<div class=\"wp-block-group\"><div class=\"wp-block-group__inner-container is-layout-constrained wp-block-group-is-layout-constrained\">\n<div class=\"wp-block-group\"><div class=\"wp-block-group__inner-container is-layout-constrained wp-block-group-is-layout-constrained\">\n<figure class=\"wp-block-pullquote\"><blockquote><p><mark style=\"background-color:rgba(0, 0, 0, 0)\" class=\"has-inline-color has-gateway-dark-gray-color\"><a href=\"https:\/\/lyceumclubne.ch\">Lyceum Club International de Neuch\u00e2tel<\/a><br><em>LES COMPOSITRICES DE NOTRE TEMPS<\/em><br>Vendredi <mark style=\"background-color:rgba(0, 0, 0, 0)\" class=\"has-inline-color has-gateway-dark-gray-color\">22 novembre 2024 \u00e0 Sion et samedi 23 novembre 2024, \u00e0 Neuch\u00e2tel<\/mark><\/mark><br><mark style=\"background-color:rgba(0, 0, 0, 0)\" class=\"has-inline-color has-gateway-dark-gray-color\"><strong>Concert 1:&nbsp;Portrait de Julia TSENOVA<\/strong><br>Pour la premi\u00e8re fois en Suisse\u2009!<br>Au programme\u2009: \u0152uvres de Julia Tsenova (1948-2010)<br>Avec:<br>Kristina Sandulova, piano (Amsterdam, Pays-Bas)<br>Dr Yurii Khomskii, piano (Amsterdam, Pays-Bas)<br>Klara Khomskii, piano (Amsterdam, Pays-Bas)<br><a href=\"https:\/\/www.ikana.info\">Irina-Kalina Goudeva<\/a>, contrebasse<br>Veneziela Naydenova, piano<\/mark><\/p><\/blockquote><\/figure>\n<\/div><\/div>\n\n\n\n<div class=\"wp-block-group is-nowrap is-layout-flex wp-container-core-group-is-layout-ad2f72ca wp-block-group-is-layout-flex\">\n<figure class=\"wp-block-image size-medium is-resized\"><img loading=\"lazy\" decoding=\"async\" width=\"300\" height=\"200\" src=\"https:\/\/veneziela-naydenova.com\/wp-content\/uploads\/Photo-Photo-V.-Naydenova_Bibliotheque-nationale-suisse-Simon-Schmid-300x200.jpg\" alt=\"Photo: Biblioth\u00e8que nationale suisse, Simon Schmid\" class=\"wp-image-2194\" style=\"width:396px;height:auto\" srcset=\"https:\/\/veneziela-naydenova.com\/wp-content\/uploads\/Photo-Photo-V.-Naydenova_Bibliotheque-nationale-suisse-Simon-Schmid-300x200.jpg 300w, https:\/\/veneziela-naydenova.com\/wp-content\/uploads\/Photo-Photo-V.-Naydenova_Bibliotheque-nationale-suisse-Simon-Schmid-1024x682.jpg 1024w, https:\/\/veneziela-naydenova.com\/wp-content\/uploads\/Photo-Photo-V.-Naydenova_Bibliotheque-nationale-suisse-Simon-Schmid-768x512.jpg 768w, https:\/\/veneziela-naydenova.com\/wp-content\/uploads\/Photo-Photo-V.-Naydenova_Bibliotheque-nationale-suisse-Simon-Schmid-1536x1024.jpg 1536w, https:\/\/veneziela-naydenova.com\/wp-content\/uploads\/Photo-Photo-V.-Naydenova_Bibliotheque-nationale-suisse-Simon-Schmid.jpg 2000w\" sizes=\"auto, (max-width: 300px) 100vw, 300px\" \/><\/figure>\n\n\n\n<p class=\"has-gateway-dark-gray-color has-text-color has-link-color wp-elements-fcb83d051e20a95fe2229988d00e7f6b\">Photo: Biblioth\u00e8que nationale suisse, Simon Schmid<\/p>\n<\/div>\n<\/div><\/div>\n\n\n\n<figure class=\"wp-block-pullquote\"><blockquote><p><mark style=\"background-color:rgba(0, 0, 0, 0)\" class=\"has-inline-color has-gateway-dark-gray-color\"><strong>Concert 2:&nbsp;Portrait de Veneziela NAYDENOVA<\/strong><\/mark><br><mark style=\"background-color:rgba(0, 0, 0, 0)\" class=\"has-inline-color has-gateway-dark-gray-color\"><mark style=\"background-color:rgba(0, 0, 0, 0)\" class=\"has-inline-color has-gateway-dark-gray-color\">Mardi 29 octobre 2024, 19h30<\/mark><\/mark><br><mark style=\"background-color:rgba(0, 0, 0, 0)\" class=\"has-inline-color has-gateway-dark-gray-color\">Au programme\u2009: \u0152uvres de V. Naydenova<\/mark><br><mark style=\"background-color:rgba(0, 0, 0, 0)\" class=\"has-inline-color has-gateway-dark-gray-color\">Avec:<br>Monique Volery, soprano<\/mark><br><mark style=\"background-color:rgba(0, 0, 0, 0)\" class=\"has-inline-color has-gateway-dark-gray-color\"><a href=\"http:\/\/www.denitsakazakova.com\">Denitsa Kazakova<\/a>, violon<br><a href=\"https:\/\/www.ikana.info\">Irina-Kalina Goudeva<\/a>, contrebasse<\/mark><br><mark style=\"background-color:rgba(0, 0, 0, 0)\" class=\"has-inline-color has-gateway-dark-gray-color\">Yvan Tschopp, clarinette<br>Veneziela Naydenova, piano<\/mark><\/p><\/blockquote><\/figure>\n\n\n\n<div class=\"wp-block-group is-nowrap is-layout-flex wp-container-core-group-is-layout-ad2f72ca wp-block-group-is-layout-flex\"><div class=\"wp-block-image\">\n<figure class=\"aligncenter size-large is-resized\"><img loading=\"lazy\" decoding=\"async\" width=\"683\" height=\"1024\" src=\"http:\/\/veneziela-naydenova.com\/wp-content\/uploads\/plakat-print-683x1024.jpg\" alt=\"\" class=\"wp-image-2150\" style=\"aspect-ratio:0.6669992793392094;width:211px;height:auto\" srcset=\"https:\/\/veneziela-naydenova.com\/wp-content\/uploads\/plakat-print-683x1024.jpg 683w, https:\/\/veneziela-naydenova.com\/wp-content\/uploads\/plakat-print-200x300.jpg 200w, https:\/\/veneziela-naydenova.com\/wp-content\/uploads\/plakat-print-768x1151.jpg 768w, https:\/\/veneziela-naydenova.com\/wp-content\/uploads\/plakat-print-1025x1536.jpg 1025w, https:\/\/veneziela-naydenova.com\/wp-content\/uploads\/plakat-print-1367x2048.jpg 1367w, https:\/\/veneziela-naydenova.com\/wp-content\/uploads\/plakat-print-scaled.jpg 1709w\" sizes=\"auto, (max-width: 683px) 100vw, 683px\" \/><\/figure>\n<\/div>\n\n\n<figure class=\"wp-block-pullquote\"><blockquote><p><mark style=\"background-color:rgba(0, 0, 0, 0)\" class=\"has-inline-color has-gateway-dark-gray-color\"><strong>9 \u043e\u043a\u0442\u043e\u043c\u0432\u0440\u0438 2024 (\u0441\u0440\u044f\u0434\u0430), 18.30 \u0447\u0430\u0441\u0430<\/strong><br>\u0413\u0440\u0430\u0434\u0441\u043a\u0430 \u0445\u0443\u0434\u043e\u0436\u0435\u0441\u0442\u0432\u0435\u043d\u0430 \u0433\u0430\u043b\u0435\u0440\u0438\u044f \u201e\u0411\u043e\u0440\u0438\u0441 \u0413\u0435\u043e\u0440\u0433\u0438\u0435\u0432\u201c \u0412\u0430\u0440\u043d\u0430<br>\u0417\u0435\u043b\u0435\u043d\u043e &#8211; \u0411\u044f\u043b\u043e &#8211; \u0427\u0435\u0440\u0432\u0435\u043d\u043e<\/mark><br><mark style=\"background-color:rgba(0, 0, 0, 0)\" class=\"has-inline-color has-gateway-dark-gray-color\">\u0410\u0432\u0442\u043e\u0440\u0441\u043a\u0438 \u043a\u0430\u043c\u0435\u0440\u0435\u043d \u043a\u043e\u043d\u0446\u0435\u0440\u0442 \u043d\u0430 \u0412\u0435\u043d\u0435\u0446\u0438\u0435\u043b\u0430 \u041d\u0430\u0439\u0434\u0435\u043d\u043e\u0432\u0430<br>\u0441 \u0443\u0447\u0430\u0441\u0442\u0438\u0435\u0442\u043e \u043d\u0430:<br>\u0410\u043d\u0434\u0440\u0438\u0430\u043d\u0430 \u0419\u043e\u0440\u0434\u0430\u043d\u043e\u0432\u0430 \u2013 \u0441\u043e\u043f\u0440\u0430\u043d<br><mark style=\"background-color:rgba(0, 0, 0, 0)\" class=\"has-inline-color has-gateway-dark-gray-color\">\u0410\u043d\u043d\u0430 \u0424\u0443\u0440\u043d\u0430\u0434\u0436\u0438\u0435\u0432\u0430 \u2013 \u0446\u0438\u0433\u0443\u043b\u043a\u0430<\/mark><\/mark><br><mark style=\"background-color:rgba(0, 0, 0, 0)\" class=\"has-inline-color has-gateway-dark-gray-color\">\u0413\u0435\u0440\u0433\u0430\u043d\u0430 \u0425\u0440\u0438\u0441\u0442\u043e\u0432\u0430 \u2013 \u043a\u043b\u0430\u0440\u0438\u043d\u0435\u0442<\/mark><br><mark style=\"background-color:rgba(0, 0, 0, 0)\" class=\"has-inline-color has-gateway-dark-gray-color\">\u0421\u0442\u0435\u0444\u0430\u043d \u0411\u043e\u044f\u0434\u0436\u0438\u0435\u0432 \u2013 \u043f\u0438\u0430\u043d\u043e<br>\u0412\u0435\u043d\u0435\u0446\u0438\u0435\u043b\u0430 \u041d\u0430\u0439\u0434\u0435\u043d\u043e\u0432\u0430 \u2013 \u043a\u043e\u043c\u043f\u043e\u0437\u0438\u0446\u0438\u044f, \u043f\u0438\u0430\u043d\u043e<\/mark><\/p><\/blockquote><\/figure>\n<\/div>\n\n\n\n<figure class=\"wp-block-pullquote\"><blockquote><p><strong>Mardi 16 avril 2024, 19h30<\/strong><br><a href=\"https:\/\/lyceumclubne.ch\">Lyceum Club International de Neuch\u00e2tel<\/a><br>Conf\u00e9rence <em><a href=\"https:\/\/lyceumclubne.ch\/des-compositrices-russes-de-lautre-cote-du-rideau-de-fer\/\">Des compositrices russes de l\u2019autre c\u00f4t\u00e9 du rideau de fer<\/a><\/em><br>(Galina Ustvolskaja, Sofi\u00e2 Gubajdulina)<br>Avec la participation de Laure Franssen Eekman (fl\u00fbte traversi\u00e8re) et Jessica Marquis (piano).<\/p><\/blockquote><\/figure>\n\n\n\n<figure class=\"wp-block-pullquote\"><blockquote><p><strong>16 janvier 2024<\/strong><br>HEM, Neuch\u00e2tel<br><a href=\"https:\/\/www.hesge.ch\/hem\/evenements\/chopin-la-voix\">Journ\u00e9e th\u00e9matique \u00ab&nbsp;Chopin et la voix&nbsp;\u00bb<\/a><br>Conf\u00e9rence&nbsp;: <em>Quelques observations sur la fonction de la m\u00e9lodie dans l&rsquo;\u0153uvre de Chopin<\/em><\/p><\/blockquote><\/figure>\n\n\n\n<figure class=\"wp-block-pullquote\"><blockquote><p><strong>Mardi 14 f\u00e9vrier 2023, 13h-20h30<\/strong><br>HEM DUFOUR \u2013 GEN\u00c8VE<br><em><a href=\"https:\/\/www.hesge.ch\/hem\/evenements\/lautre-cote-du-rideau-fer\">De l&rsquo;autre c\u00f4t\u00e9 du rideau de fer<\/a><\/em><br>Journ\u00e9e th\u00e9matique<br>INTERVENANTS:<br>Ekaterina Denissova-Bruggeman, pianiste et musicologue<br>Philippe Alb\u00e8ra, musicologue, directeur des \u00c9ditions Contrechamps&nbsp;<br>Veneziela Naydenova, pianiste et musicologue<br>Joshua Hyde, professeur de saxophone \u00e0 la HEM de Gen\u00e8ve<\/p><\/blockquote><\/figure>\n\n\n\n<figure class=\"wp-block-pullquote\"><blockquote><p><strong>Mardi 24 janvier 2023, 19:30<\/strong><br>Lyceum Club International de Neuch\u00e2tel<br><em>Club op\u00e9ra<\/em><br>Conf\u00e9rence<br>Nouvel op\u00e9ra: <em>Davel <\/em>de Christian Favre<\/p><\/blockquote><\/figure>\n\n\n\n<figure class=\"wp-block-pullquote\"><blockquote><p><strong>Dimanche 20 novembre 2022, 17h<\/strong><br>au <a href=\"https:\/\/chateau-cormondreche.ch\/\">Ch\u00e2teau de Cormondr\u00e8che<\/a> (NE)<br><em>Le Minotaure<\/em> d\u2019apr\u00e8s Friedrich D\u00fcrrenmatt<br>Avec Robert Bouvier (r\u00e9citant)<br>Irina-Kalina Goudeva (contrebasse, voix, \u00e9lectroniques interactives)<br>Veneziela Naydenova (piano, composition, arrangements)<\/p><\/blockquote><\/figure>\n\n\n\n<figure class=\"wp-block-pullquote\"><blockquote><p><strong>Dimanche 6 novembre 2022 \u00e0 11h et \u00e0 17h&nbsp;<\/strong><br>au&nbsp;Centre D\u00fcrrenmatt Neuch\u00e2tel&nbsp;(NE)<br><em>Le Minotaure<\/em>&nbsp;d\u2019apr\u00e8s Friedrich D\u00fcrrenmatt<br>Avec Robert Bouvier (r\u00e9citant)<br>Irina-Kalina Goudeva (contrebasse, voix, \u00e9lectroniques interactives)<br>Veneziela Naydenova (piano, composition, arrangements)<br>Pr\u00e9c\u00e9d\u00e9 d\u2019une visite guid\u00e9e \u00e0 16h.&nbsp;<a href=\"https:\/\/www.cdn.ch\/cdn\/fr\/home\/visiter\/manif\/veranstaltungen2022\/theatre-minotaure.html\">Lien<\/a><\/p><\/blockquote><\/figure>\n\n\n\n<figure class=\"wp-block-pullquote\"><blockquote><p><strong>Samedi 11 juin 2022, 12:30<\/strong><br>Le Locle,&nbsp;Ancienne poste-Salle d&rsquo;audition<br>Conservatoire de musique neuch\u00e2telois,&nbsp;<em>F\u00eate des claviers<\/em><br><em>Compositrices<\/em><br>Oeuvres de&nbsp;Veneziela Naydenova<br>Emma Deleglise, Keven Deleglise, Jade Borgeaud, Tommaso Martucci,<br><strong>Veneziela NAYDENOVA<\/strong>, piano<br><strong>Denitsa KAZAKOVA<\/strong>, violon<br><a href=\"https:\/\/www.cmne.ch\/fileadmin\/telechargement\/Agenda\/PDF\/CMNE_flyers_Claviers_2022_programme.pdf?1654262370212\">Programme<\/a><\/p><\/blockquote><\/figure>\n\n\n\n<figure class=\"wp-block-pullquote\"><blockquote><p><strong>Jeudi 9 juin 2022, 19:00<\/strong><br>Neuch\u00e2tel, Auditorium 2<br>Conservatoire de musique neuch\u00e2telois,&nbsp;<em>F\u00eate des claviers<\/em><br>Duos de piano<br><a href=\"https:\/\/www.cmne.ch\/fileadmin\/telechargement\/Agenda\/PDF\/CMNE_flyers_Claviers_2022_programme.pdf?1654262370212\">Programme<\/a><\/p><\/blockquote><\/figure>\n\n\n\n<figure class=\"wp-block-pullquote\"><blockquote><p><strong>Mardi 7 juin 2022, 19:30<\/strong><br>Lyceum Club International de Neuch\u00e2tel<br><em>Club op\u00e9ra<\/em><br>Conf\u00e9rence <br><em>Pell\u00e9as et M\u00e9lisande<\/em> de Debussy<\/p><\/blockquote><\/figure>\n\n\n\n<figure class=\"wp-block-pullquote\"><blockquote><p><strong>Jeudi 17 mars 2022<\/strong><br>Universit\u00e9 de Fribourg<br>Colloque<br><em>Ecrire l&rsquo;histoire des compositrices, enjeux et questions<\/em><br><a href=\"https:\/\/www.unifr.ch\/musicologie\/fr\/assets\/public\/Documents\/Recherche\/Colloques\/femmes17.03.22_programme.pdf\">Programme<\/a><\/p><\/blockquote><\/figure>\n\n\n\n<figure class=\"wp-block-pullquote\"><blockquote><p><strong>15 f\u00e9vrier 2022, 19:30<\/strong><br>Lyceum Club International de Neuch\u00e2tel<br><em>Romances<br><\/em><strong>Krassimira JELIAZKOVA-JONES<\/strong>, violon<br><strong>Veneziela NAYDENOVA<\/strong>, piano<br>Concert pour le 100<sup>e<\/sup>&nbsp;anniversaire du <em>Lyceum Club International<\/em> de Neuch\u00e2tel<br><a href=\"https:\/\/lyceumclubne.ch\/category\/evenements-publics\/\">Lien<\/a><\/p><\/blockquote><\/figure>\n\n\n\n<figure class=\"wp-block-pullquote\"><blockquote><p><strong>30 octobre 2021, 19:00<br><\/strong><em><a href=\"https:\/\/www.sfcfestival.com\">Swiss Female Composers Festival<\/a><br><\/em>Grosser Saal&nbsp;<em><br><\/em>Konservatorium Z\u00fcrich<br>Florhofgasse 6, 8001 Zurich<\/p><\/blockquote><\/figure>\n\n\n\n<figure class=\"wp-block-pullquote\"><blockquote><p><strong>21 octobre 2021, 19:30<\/strong><br>La Chaux-de-Fonds<br><strong><em>Vie de femmes<\/em><\/strong><br>(Concert du&nbsp;2 avril 2020)<br><strong>Monique VOLERY<\/strong>, soprano<br><strong>Veneziela NAYDENOVA<\/strong>, piano<\/p><\/blockquote><\/figure>\n","protected":false},"excerpt":{"rendered":"<p>Concert ColloquesPierre Boulez: compositeur, interpr\u00e8te et acteur culturelUniversit\u00e9 Fribourg (Suisse), 19-20 novembre 2025Universit\u00e9 Jean Monnet de Saint-\u00c9tienne (France), 24-25 juin 2025 \u041a\u041e\u041d\u0426\u0415\u0420\u04227 \u044e\u043d\u0438 2025&nbsp;(\u0441\u044a\u0431\u043e\u0442\u0430), 12 \u0447\u0430\u0441\u0430\u041a\u0430\u043c\u0435\u0440\u043d\u0430 \u0437\u0430\u043b\u0430 \u0411\u044a\u043b\u0433\u0430\u0440\u0438\u044f, \u0421\u043e\u0444\u0438\u044f\u0421\u043e\u0444\u0438\u0439\u0441\u043a\u0438 \u043c\u0443\u0437\u0438\u043a\u0430\u043b\u043d\u0438 \u0441\u0435\u0434\u043c\u0438\u0446\u0438\u041f\u043e\u0440\u0442\u0440\u0435\u0442 \u043d\u0430 \u0412\u0435\u043d\u0435\u0446\u0438\u0435\u043b\u0430 \u041d\u0430\u0439\u0434\u0435\u043d\u043e\u0432\u0430\u0421 \u0443\u0447\u0430\u0441\u0442\u0438\u0435\u0442\u043e \u043d\u0430:\u0410\u043d\u0434\u0440\u0438\u0430\u043d\u0430 \u0419\u043e\u0440\u0434\u0430\u043d\u043e\u0432\u0430 \u2013 \u0441\u043e\u043f\u0440\u0430\u043d\u0410\u043d\u043d\u0430 \u0424\u0443\u0440\u043d\u0430\u0434\u0436\u0438\u0435\u0432\u0430 \u2013 \u0446\u0438\u0433\u0443\u043b\u043a\u0430\u0418\u0440\u0438\u043d\u0430-\u041a\u0430\u043b\u0438\u043d\u0430 \u0413\u0443\u0434\u0435\u0432\u0430&nbsp;&#8211; \u043a\u043e\u043d\u0442\u0440\u0430\u0431\u0430\u0441\u0420\u043e\u0441\u0435\u043d \u0418\u0434\u0435\u0430\u043b\u043e\u0432 \u2013 \u043a\u043b\u0430\u0440\u0438\u043d\u0435\u0442\u0421\u0442\u0435\u0444\u0430\u043d \u0411\u043e\u044f\u0434\u0436\u0438\u0435\u0432 \u2013 \u043f\u0438\u0430\u043d\u043e\u0412\u0435\u043d\u0435\u0446\u0438\u0435\u043b\u0430 \u041d\u0430\u0439\u0434\u0435\u043d\u043e\u0432\u0430 \u2013 \u043a\u043e\u043c\u043f\u043e\u0437\u0438\u0446\u0438\u044f, \u043f\u0438\u0430\u043d\u043e Exposition&hellip;<a href=\"https:\/\/veneziela-naydenova.com\/?page_id=1746\" class=\"more-link\">Continue reading <span class=\"screen-reader-text\">Agenda<\/span><\/a><\/p>\n","protected":false},"author":1,"featured_media":0,"parent":0,"menu_order":0,"comment_status":"closed","ping_status":"closed","template":"","meta":{"jetpack_post_was_ever_published":false,"footnotes":""},"class_list":["post-1746","page","type-page","status-publish","hentry"],"jetpack_sharing_enabled":true,"jetpack_shortlink":"https:\/\/wp.me\/P9rIUe-sa","_links":{"self":[{"href":"https:\/\/veneziela-naydenova.com\/index.php?rest_route=\/wp\/v2\/pages\/1746","targetHints":{"allow":["GET"]}}],"collection":[{"href":"https:\/\/veneziela-naydenova.com\/index.php?rest_route=\/wp\/v2\/pages"}],"about":[{"href":"https:\/\/veneziela-naydenova.com\/index.php?rest_route=\/wp\/v2\/types\/page"}],"author":[{"embeddable":true,"href":"https:\/\/veneziela-naydenova.com\/index.php?rest_route=\/wp\/v2\/users\/1"}],"replies":[{"embeddable":true,"href":"https:\/\/veneziela-naydenova.com\/index.php?rest_route=%2Fwp%2Fv2%2Fcomments&post=1746"}],"version-history":[{"count":64,"href":"https:\/\/veneziela-naydenova.com\/index.php?rest_route=\/wp\/v2\/pages\/1746\/revisions"}],"predecessor-version":[{"id":2463,"href":"https:\/\/veneziela-naydenova.com\/index.php?rest_route=\/wp\/v2\/pages\/1746\/revisions\/2463"}],"wp:attachment":[{"href":"https:\/\/veneziela-naydenova.com\/index.php?rest_route=%2Fwp%2Fv2%2Fmedia&parent=1746"}],"curies":[{"name":"wp","href":"https:\/\/api.w.org\/{rel}","templated":true}]}}