{"id":17,"date":"2016-10-26T21:48:55","date_gmt":"2016-10-26T21:48:55","guid":{"rendered":"http:\/\/veneziela-naydenova.com\/?page_id=17"},"modified":"2018-06-22T21:33:07","modified_gmt":"2018-06-22T20:33:07","slug":"activities","status":"publish","type":"page","link":"https:\/\/veneziela-naydenova.com\/?page_id=17","title":{"rendered":"ACTIVITIES"},"content":{"rendered":"<p><em>L&rsquo;histoire est enti\u00e8rement vraie, puisque je l&rsquo;ai imagin\u00e9e d&rsquo;un bout \u00e0 l&rsquo;autre.<\/em><br \/>\nBoris Vian<\/p>\n<p><em>Le PARDON est une FORCE qui ressuscite en VIE NOUVELLE et donne le COURAGE pour regarder l\u2019AVENIR avec ESPERANCE.<\/em><br \/>\nPape Fran\u00e7ois<\/p>\n","protected":false},"excerpt":{"rendered":"<p>L&rsquo;histoire est enti\u00e8rement vraie, puisque je l&rsquo;ai imagin\u00e9e d&rsquo;un bout \u00e0 l&rsquo;autre. Boris Vian Le PARDON est une FORCE qui ressuscite en VIE NOUVELLE et donne le COURAGE pour regarder l\u2019AVENIR avec ESPERANCE. Pape Fran\u00e7ois<\/p>\n","protected":false},"author":1,"featured_media":0,"parent":0,"menu_order":0,"comment_status":"closed","ping_status":"closed","template":"","meta":{"jetpack_post_was_ever_published":false,"footnotes":""},"class_list":["post-17","page","type-page","status-publish","hentry"],"jetpack_sharing_enabled":true,"jetpack_shortlink":"https:\/\/wp.me\/P9rIUe-h","_links":{"self":[{"href":"https:\/\/veneziela-naydenova.com\/index.php?rest_route=\/wp\/v2\/pages\/17","targetHints":{"allow":["GET"]}}],"collection":[{"href":"https:\/\/veneziela-naydenova.com\/index.php?rest_route=\/wp\/v2\/pages"}],"about":[{"href":"https:\/\/veneziela-naydenova.com\/index.php?rest_route=\/wp\/v2\/types\/page"}],"author":[{"embeddable":true,"href":"https:\/\/veneziela-naydenova.com\/index.php?rest_route=\/wp\/v2\/users\/1"}],"replies":[{"embeddable":true,"href":"https:\/\/veneziela-naydenova.com\/index.php?rest_route=%2Fwp%2Fv2%2Fcomments&post=17"}],"version-history":[{"count":8,"href":"https:\/\/veneziela-naydenova.com\/index.php?rest_route=\/wp\/v2\/pages\/17\/revisions"}],"predecessor-version":[{"id":972,"href":"https:\/\/veneziela-naydenova.com\/index.php?rest_route=\/wp\/v2\/pages\/17\/revisions\/972"}],"wp:attachment":[{"href":"https:\/\/veneziela-naydenova.com\/index.php?rest_route=%2Fwp%2Fv2%2Fmedia&parent=17"}],"curies":[{"name":"wp","href":"https:\/\/api.w.org\/{rel}","templated":true}]}}