{"id":165,"date":"2016-11-12T19:29:37","date_gmt":"2016-11-12T19:29:37","guid":{"rendered":"http:\/\/veneziela-naydenova.com\/?page_id=165"},"modified":"2025-03-10T10:08:40","modified_gmt":"2025-03-10T09:08:40","slug":"journalism","status":"publish","type":"page","link":"https:\/\/veneziela-naydenova.com\/?page_id=165","title":{"rendered":"Journalisme"},"content":{"rendered":"<p style=\"text-align: right;\"><span class=\"Apple-style-span\"><i><em>Il serait prodigieux qu&rsquo;un critique dev\u00eent po\u00e8te, <\/em><\/i><\/span>et il est impossible qu&rsquo;un po\u00e8te ne contienne pas un critique.<br \/>\n<span class=\"Apple-style-span\">Charles Baudelaire, <\/span><em>Richard Wagner et <\/em>Tannh\u00e4user<em> \u00e0 Paris<\/em> (<span class=\"Apple-style-span\">1861)<\/span><\/p>\n<p><a href=\"http:\/\/veneziela-naydenova.com\/pliskart\/sbj\/\" rel=\"attachment wp-att-96\"><img loading=\"lazy\" decoding=\"async\" class=\"alignleft size-thumbnail wp-image-96\" src=\"http:\/\/veneziela-naydenova.com\/wp-content\/uploads\/2016\/10\/SBJ-150x150.png\" alt=\"sbj\" width=\"150\" height=\"150\" \/><\/a><\/p>\n<p><a href=\"http:\/\/veneziela-naydenova.com\/pliskart\/logo_bg_journalistes\/\" rel=\"attachment wp-att-77\"><img loading=\"lazy\" decoding=\"async\" class=\"alignleft wp-image-77 \" src=\"http:\/\/veneziela-naydenova.com\/wp-content\/uploads\/2016\/10\/Logo_Bg_Journalistes-300x91.jpg\" alt=\"logo_bg_journalistes\" width=\"270\" height=\"82\" srcset=\"https:\/\/veneziela-naydenova.com\/wp-content\/uploads\/2016\/10\/Logo_Bg_Journalistes-300x91.jpg 300w, https:\/\/veneziela-naydenova.com\/wp-content\/uploads\/2016\/10\/Logo_Bg_Journalistes-768x234.jpg 768w, https:\/\/veneziela-naydenova.com\/wp-content\/uploads\/2016\/10\/Logo_Bg_Journalistes-1024x312.jpg 1024w, https:\/\/veneziela-naydenova.com\/wp-content\/uploads\/2016\/10\/Logo_Bg_Journalistes.jpg 1561w\" sizes=\"auto, (max-width: 270px) 100vw, 270px\" \/><\/a><\/p>\n<hr \/>\n<p><span class=\"Apple-style-span\"><b><strong>Publications<br \/>\n<\/strong><\/b>Nombreux articles dans la presse nationale en Bulgarie (d\u00e8s 1982)<\/span><\/p>\n<p><span class=\"Apple-style-span\"><b>Membre<br \/>\n<\/b>de l&rsquo;Union des journalistes bulgares (SBJ), d\u00e8s 1990<\/span><span class=\"Apple-style-span\"><b><\/b><br \/>\n<\/span><span class=\"Apple-style-span\">de la F\u00e9d\u00e9ration internationale des journalistes (FIJ)<\/span><\/p>\n<p><span class=\"Apple-style-span\"><b>Correspondente<\/b><\/span><br \/>\n<span class=\"Apple-style-span\">de la Radio nationale Bulgare, d\u00e8s 1991.<br \/>\n<\/span><\/p>\n<p><span class=\"Apple-style-span\"><b>R\u00e9dactrice\u00a0<\/b><\/span><br \/>\n<span class=\"Apple-style-span\">\u0441\u043f\u0438\u0441\u0430\u043d\u0438\u0435 \u0411\u044a\u043b\u0433\u0430\u0440\u0441\u043a\u0430 \u043c\u0443\u0437\u0438\u043a\u0430 (<\/span><span class=\"Apple-style-span\">revue Musique bulgare), 1988-1990.<\/span><\/p>\n","protected":false},"excerpt":{"rendered":"<p>Il serait prodigieux qu&rsquo;un critique dev\u00eent po\u00e8te, et il est impossible qu&rsquo;un po\u00e8te ne contienne pas un critique. Charles Baudelaire, Richard Wagner et Tannh\u00e4user \u00e0 Paris (1861) Publications Nombreux articles dans la presse nationale en Bulgarie (d\u00e8s 1982) Membre de l&rsquo;Union des journalistes bulgares (SBJ), d\u00e8s 1990 de la F\u00e9d\u00e9ration internationale des journalistes (FIJ) Correspondente&hellip;<a href=\"https:\/\/veneziela-naydenova.com\/?page_id=165\" class=\"more-link\">Continue reading <span class=\"screen-reader-text\">Journalisme<\/span><\/a><\/p>\n","protected":false},"author":1,"featured_media":0,"parent":17,"menu_order":0,"comment_status":"closed","ping_status":"closed","template":"","meta":{"jetpack_post_was_ever_published":false,"footnotes":""},"class_list":["post-165","page","type-page","status-publish","hentry"],"jetpack_sharing_enabled":true,"jetpack_shortlink":"https:\/\/wp.me\/P9rIUe-2F","_links":{"self":[{"href":"https:\/\/veneziela-naydenova.com\/index.php?rest_route=\/wp\/v2\/pages\/165","targetHints":{"allow":["GET"]}}],"collection":[{"href":"https:\/\/veneziela-naydenova.com\/index.php?rest_route=\/wp\/v2\/pages"}],"about":[{"href":"https:\/\/veneziela-naydenova.com\/index.php?rest_route=\/wp\/v2\/types\/page"}],"author":[{"embeddable":true,"href":"https:\/\/veneziela-naydenova.com\/index.php?rest_route=\/wp\/v2\/users\/1"}],"replies":[{"embeddable":true,"href":"https:\/\/veneziela-naydenova.com\/index.php?rest_route=%2Fwp%2Fv2%2Fcomments&post=165"}],"version-history":[{"count":34,"href":"https:\/\/veneziela-naydenova.com\/index.php?rest_route=\/wp\/v2\/pages\/165\/revisions"}],"predecessor-version":[{"id":2241,"href":"https:\/\/veneziela-naydenova.com\/index.php?rest_route=\/wp\/v2\/pages\/165\/revisions\/2241"}],"up":[{"embeddable":true,"href":"https:\/\/veneziela-naydenova.com\/index.php?rest_route=\/wp\/v2\/pages\/17"}],"wp:attachment":[{"href":"https:\/\/veneziela-naydenova.com\/index.php?rest_route=%2Fwp%2Fv2%2Fmedia&parent=165"}],"curies":[{"name":"wp","href":"https:\/\/api.w.org\/{rel}","templated":true}]}}