{"id":161,"date":"2016-11-12T19:28:44","date_gmt":"2016-11-12T19:28:44","guid":{"rendered":"http:\/\/veneziela-naydenova.com\/?page_id=161"},"modified":"2017-02-05T16:29:18","modified_gmt":"2017-02-05T16:29:18","slug":"conducting","status":"publish","type":"page","link":"https:\/\/veneziela-naydenova.com\/?page_id=161","title":{"rendered":"Conducting"},"content":{"rendered":"<blockquote>\n<p style=\"text-align: right;\"><a href=\"http:\/\/veneziela-naydenova.com\/cropped-image-jpg\/\"><img loading=\"lazy\" decoding=\"async\" class=\"alignleft size-thumbnail wp-image-53\" src=\"http:\/\/veneziela-naydenova.com\/wp-content\/uploads\/2016\/10\/cropped-image-150x150.jpg\" alt=\"\" width=\"150\" height=\"150\" \/><\/a><\/p>\n<p style=\"text-align: right;\"><em>Il n&rsquo;y a que deux esp\u00e8ces de plans de campagne, les bons et les mauvais. Les bons \u00e9chouent presque toujours par des circonstances impr\u00e9vus qui font souvent r\u00e9ussir les mauvais. <\/em><\/p>\n<p style=\"text-align: right;\">Napol\u00e9on,<em> Manuel du chef<\/em><\/p>\n<\/blockquote>\n<p style=\"text-align: left;\">\n<p>&nbsp;<\/p>\n<p><strong>Directrice<br \/>\n<\/strong>de la Soci\u00e9t\u00e9 de chant l\u2019<em>Avenir<\/em> de Saint-Blaise (NE)<strong><br \/>\n<\/strong>Depuis 2001<strong><br \/>\n<\/strong> <a href=\"http:\/\/www.avenir-st-blaise.ch\">Site<\/a><\/p>\n","protected":false},"excerpt":{"rendered":"<p>Il n&rsquo;y a que deux esp\u00e8ces de plans de campagne, les bons et les mauvais. Les bons \u00e9chouent presque toujours par des circonstances impr\u00e9vus qui font souvent r\u00e9ussir les mauvais. Napol\u00e9on, Manuel du chef &nbsp; Directrice de la Soci\u00e9t\u00e9 de chant l\u2019Avenir de Saint-Blaise (NE) Depuis 2001 Site<\/p>\n","protected":false},"author":1,"featured_media":0,"parent":17,"menu_order":0,"comment_status":"closed","ping_status":"closed","template":"","meta":{"jetpack_post_was_ever_published":false,"footnotes":""},"class_list":["post-161","page","type-page","status-publish","hentry"],"jetpack_sharing_enabled":true,"jetpack_shortlink":"https:\/\/wp.me\/P9rIUe-2B","_links":{"self":[{"href":"https:\/\/veneziela-naydenova.com\/index.php?rest_route=\/wp\/v2\/pages\/161","targetHints":{"allow":["GET"]}}],"collection":[{"href":"https:\/\/veneziela-naydenova.com\/index.php?rest_route=\/wp\/v2\/pages"}],"about":[{"href":"https:\/\/veneziela-naydenova.com\/index.php?rest_route=\/wp\/v2\/types\/page"}],"author":[{"embeddable":true,"href":"https:\/\/veneziela-naydenova.com\/index.php?rest_route=\/wp\/v2\/users\/1"}],"replies":[{"embeddable":true,"href":"https:\/\/veneziela-naydenova.com\/index.php?rest_route=%2Fwp%2Fv2%2Fcomments&post=161"}],"version-history":[{"count":16,"href":"https:\/\/veneziela-naydenova.com\/index.php?rest_route=\/wp\/v2\/pages\/161\/revisions"}],"predecessor-version":[{"id":552,"href":"https:\/\/veneziela-naydenova.com\/index.php?rest_route=\/wp\/v2\/pages\/161\/revisions\/552"}],"up":[{"embeddable":true,"href":"https:\/\/veneziela-naydenova.com\/index.php?rest_route=\/wp\/v2\/pages\/17"}],"wp:attachment":[{"href":"https:\/\/veneziela-naydenova.com\/index.php?rest_route=%2Fwp%2Fv2%2Fmedia&parent=161"}],"curies":[{"name":"wp","href":"https:\/\/api.w.org\/{rel}","templated":true}]}}