{"id":159,"date":"2016-11-12T19:28:16","date_gmt":"2016-11-12T19:28:16","guid":{"rendered":"http:\/\/veneziela-naydenova.com\/?page_id=159"},"modified":"2025-07-04T10:30:54","modified_gmt":"2025-07-04T09:30:54","slug":"musicology","status":"publish","type":"page","link":"https:\/\/veneziela-naydenova.com\/?page_id=159","title":{"rendered":"Musicology"},"content":{"rendered":"<div style=\"text-align: left;\"><a href=\"http:\/\/veneziela-naydenova.com\/activities\/musicology\/09_2\/\" rel=\"attachment wp-att-6\"><img loading=\"lazy\" decoding=\"async\" class=\"alignleft  wp-image-6\" src=\"http:\/\/veneziela-naydenova.com\/wp-content\/uploads\/2016\/09\/09_2-150x150.jpg\" alt=\"\" width=\"114\" height=\"114\" srcset=\"https:\/\/veneziela-naydenova.com\/wp-content\/uploads\/2016\/09\/09_2-150x150.jpg 150w, https:\/\/veneziela-naydenova.com\/wp-content\/uploads\/2016\/09\/09_2-365x365.jpg 365w, https:\/\/veneziela-naydenova.com\/wp-content\/uploads\/2016\/09\/09_2-500x500.jpg 500w\" sizes=\"auto, (max-width: 114px) 100vw, 114px\" \/><\/a><\/div>\n<blockquote><p>Reading maketh a full man, conference a ready man and writing an exact man.<br \/>\nSir Francis Bacon<\/p><\/blockquote>\n<p>Musicologue, form\u00e9e \u00e0 Sofia, Gen\u00e8ve et Fribourg, sp\u00e9cialis\u00e9e \u00e0 Moscou et \u00e0 Paris, Veneziela Naydenova a soutenu son doctorat \u00e0 l\u2019Universit\u00e9 de Fribourg.<\/p>\n<p>Ses recherches portent\u00a0sur la musique contemporaine et la\u00a0dramaturgie d&rsquo;op\u00e9ra.<\/p>\n<p><strong>Projets de recherche:<br \/>\n<\/strong><em>La dramaturgie musicale de l\u2019op\u00e9ra <\/em><em>Salammb\u00f4 de Vesselin Stoyanov\u00a0<\/em><em>comme dialectique entre les traditions musicales nationales et europ\u00e9enne\u00a0<\/em>(Sofia, 1986)<br \/>\n<em>Quelques tendances en mati\u00e8re de musique contemporaine pour orgue <\/em>(Gen\u00e8ve, 1996)<br \/>\n<em style=\"font-size: 1.1rem;\">L\u2019\u0153uvre vocale\u00a0et\u00a0sc\u00e9nique\u00a0<\/em><em style=\"font-size: 1.1rem;\">d\u2019Edison Denisov\u00a0<\/em><span style=\"font-size: 1.1rem;\">(Fribourg, 2022)<br \/>\n<\/span><span style=\"font-size: 1.1rem;\"><em>Histoire des compositrices (en cours)<br \/>\nFriedrich D\u00fcrrenmatt et l&rsquo;op\u00e9ra<\/em>\u00a0(2024)<br \/>\n<\/span><em>100 ans de Boulez<\/em> (2025)<\/p>\n<p><strong>Conf\u00e9rences:<\/strong><br \/>\nConservatoire de musique neuch\u00e2telois<br \/>\nHEM<br \/>\nHEP BEJUNE<br \/>\nLyceum club international de Neuch\u00e2tel<br \/>\nMusique au choeur<br \/>\nTh\u00e9\u00e2tre du Passage \u00e0 Neuch\u00e2tel<br \/>\nU3A, etc.<em><br \/>\n<\/em><\/p>\n<p><strong>Programmes:<\/strong><br \/>\nConservatoire de musique neuch\u00e2telois<br \/>\nLyceum club international de Neuch\u00e2tel<br \/>\nMusique au choeur<br \/>\nSoci\u00e9t\u00e9 de Musique de la Chaux-de-Fonds <a href=\"https:\/\/musiquecdf.ch\/documentation\/\">Lien<\/a><\/p>\n","protected":false},"excerpt":{"rendered":"<p>Reading maketh a full man, conference a ready man and writing an exact man. Sir Francis Bacon Musicologue, form\u00e9e \u00e0 Sofia, Gen\u00e8ve et Fribourg, sp\u00e9cialis\u00e9e \u00e0 Moscou et \u00e0 Paris, Veneziela Naydenova a soutenu son doctorat \u00e0 l\u2019Universit\u00e9 de Fribourg. Ses recherches portent\u00a0sur la musique contemporaine et la\u00a0dramaturgie d&rsquo;op\u00e9ra. Projets de recherche: La dramaturgie musicale&hellip;<a href=\"https:\/\/veneziela-naydenova.com\/?page_id=159\" class=\"more-link\">Continue reading <span class=\"screen-reader-text\">Musicology<\/span><\/a><\/p>\n","protected":false},"author":1,"featured_media":0,"parent":17,"menu_order":0,"comment_status":"closed","ping_status":"closed","template":"","meta":{"jetpack_post_was_ever_published":false,"footnotes":""},"class_list":["post-159","page","type-page","status-publish","hentry"],"jetpack_sharing_enabled":true,"jetpack_shortlink":"https:\/\/wp.me\/P9rIUe-2z","_links":{"self":[{"href":"https:\/\/veneziela-naydenova.com\/index.php?rest_route=\/wp\/v2\/pages\/159","targetHints":{"allow":["GET"]}}],"collection":[{"href":"https:\/\/veneziela-naydenova.com\/index.php?rest_route=\/wp\/v2\/pages"}],"about":[{"href":"https:\/\/veneziela-naydenova.com\/index.php?rest_route=\/wp\/v2\/types\/page"}],"author":[{"embeddable":true,"href":"https:\/\/veneziela-naydenova.com\/index.php?rest_route=\/wp\/v2\/users\/1"}],"replies":[{"embeddable":true,"href":"https:\/\/veneziela-naydenova.com\/index.php?rest_route=%2Fwp%2Fv2%2Fcomments&post=159"}],"version-history":[{"count":39,"href":"https:\/\/veneziela-naydenova.com\/index.php?rest_route=\/wp\/v2\/pages\/159\/revisions"}],"predecessor-version":[{"id":2237,"href":"https:\/\/veneziela-naydenova.com\/index.php?rest_route=\/wp\/v2\/pages\/159\/revisions\/2237"}],"up":[{"embeddable":true,"href":"https:\/\/veneziela-naydenova.com\/index.php?rest_route=\/wp\/v2\/pages\/17"}],"wp:attachment":[{"href":"https:\/\/veneziela-naydenova.com\/index.php?rest_route=%2Fwp%2Fv2%2Fmedia&parent=159"}],"curies":[{"name":"wp","href":"https:\/\/api.w.org\/{rel}","templated":true}]}}