{"id":134,"date":"2016-11-12T18:30:54","date_gmt":"2016-11-12T18:30:54","guid":{"rendered":"http:\/\/veneziela-naydenova.com\/?page_id=134"},"modified":"2024-06-09T18:37:45","modified_gmt":"2024-06-09T17:37:45","slug":"fondation-pliskart-fr","status":"publish","type":"page","link":"https:\/\/veneziela-naydenova.com\/?page_id=134","title":{"rendered":"Fondation Pliskart (FR)"},"content":{"rendered":"<p><span style=\"color: #000000;\">La Fondation culturelle <em>Plisk\u0410rt <\/em>est fond\u00e9e le 10 octobre 2010 \u00e0 Varna, Bulgarie.<br \/>\nVeneziela Naydenova est la pr\u00e9sidente de la fondation d\u00e8s sa cr\u00e9ation.<\/span><br \/>\n<span style=\"color: #000000;\">Pour r\u00e9aliser ses projets, la fondation PliskArt recherche de partenaires financiers. <span style=\"font-size: 1.1rem;\">Souhaitez-vous nous soutenir?<br \/>\nVoici les coordonn\u00e9es bancaires de la fondation \/ Bank account for donations:<br \/>\n<\/span><\/span><span style=\"color: #000000; font-size: 1.1rem;\">United Bulgarian Bank<br \/>\n<\/span><span style=\"color: #000000;\">Fondation PLISKART<\/span><br \/>\n<span style=\"color: #000000;\">IBAN: BG68UBBS80021057810030<\/span><\/p>\n","protected":false},"excerpt":{"rendered":"<p>La Fondation culturelle Plisk\u0410rt est fond\u00e9e le 10 octobre 2010 \u00e0 Varna, Bulgarie. Veneziela Naydenova est la pr\u00e9sidente de la fondation d\u00e8s sa cr\u00e9ation. Pour r\u00e9aliser ses projets, la fondation PliskArt recherche de partenaires financiers. Souhaitez-vous nous soutenir? Voici les coordonn\u00e9es bancaires de la fondation \/ Bank account for donations: United Bulgarian Bank Fondation PLISKART&hellip;<a href=\"https:\/\/veneziela-naydenova.com\/?page_id=134\" class=\"more-link\">Continue reading <span class=\"screen-reader-text\">Fondation Pliskart (FR)<\/span><\/a><\/p>\n","protected":false},"author":1,"featured_media":0,"parent":7,"menu_order":0,"comment_status":"closed","ping_status":"closed","template":"","meta":{"jetpack_post_was_ever_published":false,"footnotes":""},"class_list":["post-134","page","type-page","status-publish","hentry"],"jetpack_sharing_enabled":true,"jetpack_shortlink":"https:\/\/wp.me\/P9rIUe-2a","_links":{"self":[{"href":"https:\/\/veneziela-naydenova.com\/index.php?rest_route=\/wp\/v2\/pages\/134","targetHints":{"allow":["GET"]}}],"collection":[{"href":"https:\/\/veneziela-naydenova.com\/index.php?rest_route=\/wp\/v2\/pages"}],"about":[{"href":"https:\/\/veneziela-naydenova.com\/index.php?rest_route=\/wp\/v2\/types\/page"}],"author":[{"embeddable":true,"href":"https:\/\/veneziela-naydenova.com\/index.php?rest_route=\/wp\/v2\/users\/1"}],"replies":[{"embeddable":true,"href":"https:\/\/veneziela-naydenova.com\/index.php?rest_route=%2Fwp%2Fv2%2Fcomments&post=134"}],"version-history":[{"count":10,"href":"https:\/\/veneziela-naydenova.com\/index.php?rest_route=\/wp\/v2\/pages\/134\/revisions"}],"predecessor-version":[{"id":2099,"href":"https:\/\/veneziela-naydenova.com\/index.php?rest_route=\/wp\/v2\/pages\/134\/revisions\/2099"}],"up":[{"embeddable":true,"href":"https:\/\/veneziela-naydenova.com\/index.php?rest_route=\/wp\/v2\/pages\/7"}],"wp:attachment":[{"href":"https:\/\/veneziela-naydenova.com\/index.php?rest_route=%2Fwp%2Fv2%2Fmedia&parent=134"}],"curies":[{"name":"wp","href":"https:\/\/api.w.org\/{rel}","templated":true}]}}