{"id":119,"date":"2016-11-12T18:13:39","date_gmt":"2016-11-12T18:13:39","guid":{"rendered":"http:\/\/veneziela-naydenova.com\/?page_id=119"},"modified":"2016-11-13T22:09:47","modified_gmt":"2016-11-13T22:09:47","slug":"salle-pliskart","status":"publish","type":"page","link":"https:\/\/veneziela-naydenova.com\/?page_id=119","title":{"rendered":"Salle PliskArt"},"content":{"rendered":"<p>\u0424\u043e\u043d\u0434\u0430\u0446\u0438\u044f \u041f\u043b\u0438\u0441\u043a\u0410\u0440\u0442 \u0440\u0430\u0437\u043f\u043e\u043b\u0430\u0433\u0430 \u0441 \u043a\u0430\u043c\u0435\u0440\u043d\u0430 \u0437\u0430\u043b\u0430, \u043d\u0430\u043c\u0438\u0440\u0430\u0449\u0430 \u0441\u0435 \u043d\u0430 \u0443\u043b. \u041f\u0438\u0440\u0438\u043d 10 \u0432 \u0433\u0440. \u041f\u043b\u0438\u0441\u043a\u0430.<br \/>\n\u0417\u0430\u043b\u0430\u0442\u0430 \u0431\u0435 \u0440\u0435\u0441\u0442\u0430\u0432\u0440\u0438\u0440\u0430\u043d\u0430 \u0441 \u0440\u0435\u0441\u043f\u0435\u043a\u0442 \u043d\u0430 \u0441\u0442\u0430\u0440\u0438\u0442\u0435 \u043a\u043e\u043d\u0441\u0442\u0440\u0443\u043a\u0446\u0438\u044f \u0438 \u043c\u0430\u0442\u0435\u0440\u0438\u0430\u043b\u0438.<br \/>\n\u0417\u0430\u043b\u0430\u0442\u0430 \u0435 \u0441 \u043c\u043d\u043e\u0433\u043e \u0434\u043e\u0431\u0440\u0430 \u0430\u043a\u0443\u0441\u0442\u0438\u043a\u0430 \u0438 \u0435 \u043f\u043e\u0434\u0445\u043e\u0434\u044f\u0449\u0430 \u0437\u0430 \u043a\u043b\u0430\u0432\u0438\u0440\u043d\u0438, \u0432\u043e\u043a\u0430\u043b\u043d\u0438 \u0438 \u043a\u0430\u043c\u0435\u0440\u043d\u0438 \u043a\u043e\u043d\u0446\u0435\u0440\u0442\u0438.<br \/>\n\u041e\u0442 \u043c.\u044e\u043b\u0438 2015, \u0442\u044f \u043f\u0440\u0438\u0442\u0435\u0436\u0430\u0432\u0430 \u0438 \u0440\u043e\u044f\u043b, \u043c\u0430\u0440\u043a\u0430 Schmidt-Flohr (Nr 26 250).<br \/>\n\u0417\u0430\u043b\u0430\u0442\u0430 \u0435 \u043e\u0431\u043e\u0440\u0443\u0434\u0432\u0430\u043d\u0430 \u0441 \u043d\u0435\u043e\u0431\u0445\u043e\u0434\u0438\u043c\u043e\u0442\u043e \u043e\u0441\u0432\u0435\u0442\u043b\u0435\u043d\u0438\u0435 \u0438 \u0442\u0440\u0438 \u0441\u0446\u0435\u043d\u0438\u0447\u043d\u0438 \u043f\u0440\u043e\u0436\u0435\u043a\u0442\u043e\u0440\u0430.<br \/>\n\u0417\u0430\u043b\u0430\u0442\u0430 \u0431\u0438 \u043c\u043e\u0433\u043b\u0430 \u0434\u0430 \u0441\u0435 \u043d\u0430\u0435\u043c\u0435 \u0437\u0430 \u043a\u043e\u043d\u0446\u0435\u0440\u0442, \u043f\u0440\u043e\u0436\u0435\u043a\u0446\u0438\u044f, \u043f\u0440\u0435\u0437\u0435\u043d\u0442\u0430\u0446\u0438\u044f, \u0441\u0435\u043c\u0438\u043d\u0430\u0440, \u043e\u0431\u0443\u0447\u0435\u043d\u0438\u0435 \u0438\u043b\u0438 \u043f\u0440\u043e\u0444\u0435\u0441\u0438\u043e\u043d\u0430\u043b\u043d\u0430 \u0441\u0440\u0435\u0449\u0430.<br \/>\n\u0417\u0430 \u0443\u0441\u043b\u043e\u0432\u0438\u044f \u0438 \u0446\u0435\u043d\u0438, \u043d\u0430\u043f\u0440\u0430\u0432\u0435\u0442\u0435 \u0437\u0430\u043f\u0438\u0442\u0432\u0430\u043d\u0435 <a href=\"mailto:v.naydenova@bluewin.ch?subject=Location%20salle\">\u0442\u0443\u043a\u00a0<\/a><\/p>\n<hr \/>\n<p>La fondation <em>PliskArt<\/em> dispose d&rsquo;une petite salle \u00e0 l&rsquo;adresse ul. \u00ab\u00a0Pirin\u00a0\u00bb 10 \u00e0 Pliska (Bulgarie).<br \/>\nLa salle a \u00e9t\u00e9 restaur\u00e9e en gardant l\u2019esprit du pass\u00e9.<br \/>\nLe piano \u00e0 queue <em>Schmidt-Flohr <\/em>(Nr 26 250) est arriv\u00e9 \u00e0 Pliska le 20.07.2015.<br \/>\nLa salle peut \u00eatre lou\u00e9e pour concert, projection, pr\u00e9sentation, s\u00e9minaire ou rencontre professionnelle. Pour les conditions de location et tarifs, \u00e9crire <a href=\"mailto:v.naydenova@bluewin.ch?subject=location%20salle\">ici.<\/a><\/p>\n","protected":false},"excerpt":{"rendered":"<p>\u0424\u043e\u043d\u0434\u0430\u0446\u0438\u044f \u041f\u043b\u0438\u0441\u043a\u0410\u0440\u0442 \u0440\u0430\u0437\u043f\u043e\u043b\u0430\u0433\u0430 \u0441 \u043a\u0430\u043c\u0435\u0440\u043d\u0430 \u0437\u0430\u043b\u0430, \u043d\u0430\u043c\u0438\u0440\u0430\u0449\u0430 \u0441\u0435 \u043d\u0430 \u0443\u043b. \u041f\u0438\u0440\u0438\u043d 10 \u0432 \u0433\u0440. \u041f\u043b\u0438\u0441\u043a\u0430. \u0417\u0430\u043b\u0430\u0442\u0430 \u0431\u0435 \u0440\u0435\u0441\u0442\u0430\u0432\u0440\u0438\u0440\u0430\u043d\u0430 \u0441 \u0440\u0435\u0441\u043f\u0435\u043a\u0442 \u043d\u0430 \u0441\u0442\u0430\u0440\u0438\u0442\u0435 \u043a\u043e\u043d\u0441\u0442\u0440\u0443\u043a\u0446\u0438\u044f \u0438 \u043c\u0430\u0442\u0435\u0440\u0438\u0430\u043b\u0438. \u0417\u0430\u043b\u0430\u0442\u0430 \u0435 \u0441 \u043c\u043d\u043e\u0433\u043e \u0434\u043e\u0431\u0440\u0430 \u0430\u043a\u0443\u0441\u0442\u0438\u043a\u0430 \u0438 \u0435 \u043f\u043e\u0434\u0445\u043e\u0434\u044f\u0449\u0430 \u0437\u0430 \u043a\u043b\u0430\u0432\u0438\u0440\u043d\u0438, \u0432\u043e\u043a\u0430\u043b\u043d\u0438 \u0438 \u043a\u0430\u043c\u0435\u0440\u043d\u0438 \u043a\u043e\u043d\u0446\u0435\u0440\u0442\u0438. \u041e\u0442 \u043c.\u044e\u043b\u0438 2015, \u0442\u044f \u043f\u0440\u0438\u0442\u0435\u0436\u0430\u0432\u0430 \u0438 \u0440\u043e\u044f\u043b, \u043c\u0430\u0440\u043a\u0430 Schmidt-Flohr (Nr 26 250). \u0417\u0430\u043b\u0430\u0442\u0430 \u0435 \u043e\u0431\u043e\u0440\u0443\u0434\u0432\u0430\u043d\u0430&hellip;<a href=\"https:\/\/veneziela-naydenova.com\/?page_id=119\" class=\"more-link\">Continue reading <span class=\"screen-reader-text\">Salle PliskArt<\/span><\/a><\/p>\n","protected":false},"author":1,"featured_media":0,"parent":7,"menu_order":0,"comment_status":"closed","ping_status":"closed","template":"","meta":{"jetpack_post_was_ever_published":false,"footnotes":""},"class_list":["post-119","page","type-page","status-publish","hentry"],"jetpack_sharing_enabled":true,"jetpack_shortlink":"https:\/\/wp.me\/P9rIUe-1V","_links":{"self":[{"href":"https:\/\/veneziela-naydenova.com\/index.php?rest_route=\/wp\/v2\/pages\/119","targetHints":{"allow":["GET"]}}],"collection":[{"href":"https:\/\/veneziela-naydenova.com\/index.php?rest_route=\/wp\/v2\/pages"}],"about":[{"href":"https:\/\/veneziela-naydenova.com\/index.php?rest_route=\/wp\/v2\/types\/page"}],"author":[{"embeddable":true,"href":"https:\/\/veneziela-naydenova.com\/index.php?rest_route=\/wp\/v2\/users\/1"}],"replies":[{"embeddable":true,"href":"https:\/\/veneziela-naydenova.com\/index.php?rest_route=%2Fwp%2Fv2%2Fcomments&post=119"}],"version-history":[{"count":6,"href":"https:\/\/veneziela-naydenova.com\/index.php?rest_route=\/wp\/v2\/pages\/119\/revisions"}],"predecessor-version":[{"id":374,"href":"https:\/\/veneziela-naydenova.com\/index.php?rest_route=\/wp\/v2\/pages\/119\/revisions\/374"}],"up":[{"embeddable":true,"href":"https:\/\/veneziela-naydenova.com\/index.php?rest_route=\/wp\/v2\/pages\/7"}],"wp:attachment":[{"href":"https:\/\/veneziela-naydenova.com\/index.php?rest_route=%2Fwp%2Fv2%2Fmedia&parent=119"}],"curies":[{"name":"wp","href":"https:\/\/api.w.org\/{rel}","templated":true}]}}