{"id":112,"date":"2016-11-12T18:12:30","date_gmt":"2016-11-12T18:12:30","guid":{"rendered":"http:\/\/veneziela-naydenova.com\/?page_id=112"},"modified":"2024-06-09T18:31:57","modified_gmt":"2024-06-09T17:31:57","slug":"inauguration-2014","status":"publish","type":"page","link":"https:\/\/veneziela-naydenova.com\/?page_id=112","title":{"rendered":"Inauguration 2014"},"content":{"rendered":"\n<p><strong>\u041e\u0444\u0438\u0446\u0438\u0430\u043b\u043d\u043e \u043e\u0442\u043a\u0440\u0438\u0432\u0430\u043d\u0435<\/strong><br>\u041a\u043e\u043d\u0446\u0435\u0440\u0442\u043d\u0430 \u0437\u0430\u043b\u0430 \u0438 \u0410\u0442\u0440 \u0440\u0435\u0437\u0438\u0434\u0435\u043d\u0446\u0438\u044f \u041f\u043b\u0438\u0441\u043a\u0430 \u2022 \u0424\u043e\u043d\u0434\u0430\u0446\u0438\u044f \u041f\u043b\u0438\u0441\u043a\u0430\u0440\u0442 \u2022<br>\u041f\u044a\u0440\u0432\u0438 \u0430\u0432\u0433\u0443\u0441\u0442, \u043d\u0430\u0446\u0438\u043e\u043d\u0430\u043b\u0435\u043d \u043f\u0440\u0430\u0437\u043d\u0438\u043a \u043d\u0430 \u0428\u0432\u0435\u0439\u0446\u0430\u0440\u0438\u044f, 18 \u0447\u0430\u0441\u0430 \u0432 \u0433\u0440\u0430\u0434 \u041f\u043b\u0438\u0441\u043a\u0430, \u0443\u043b\u0438\u0446\u0430 \u00ab\u00a0\u041f\u0438\u0440\u0438\u043d\u00a0\u00bb 10.<br>\u0418\u0437\u043b\u043e\u0436\u0431\u0430 \u0441 \u0444\u043e\u0442\u043e\u0433\u0440\u0430\u0444\u0438\u0438, \u043f\u043e\u0441\u0432\u0435\u0442\u0435\u043d\u0430 \u043d\u0430 100 \u0433\u043e\u0434\u0438\u0448\u043d\u0438\u043d\u0430\u0442\u0430 \u043e\u0442 \u0440\u043e\u0436\u0434\u0435\u043d\u0438\u0435\u0442\u043e \u043d\u0430 \u0433\u043e\u043b\u0435\u043c\u0438\u044f \u0431\u044a\u043b\u0433\u0430\u0440\u0441\u043a\u0438 \u043e\u043f\u0435\u0440\u0435\u043d \u043f\u0435\u0432\u0435\u0446 \u0411\u043e\u0440\u0438\u0441 \u0425\u0440\u0438\u0441\u0442\u043e\u0432 (\u043d\u0430 \u0431\u044a\u043b\u0433\u0430\u0440\u0441\u043a\u0438 \u0438 \u0430\u043d\u0433\u043b\u0438\u0439\u0441\u043a\u0438 \u0435\u0437\u0438\u043a).<\/p>\n\n\n\n<div class=\"wp-block-group\"><div class=\"wp-block-group__inner-container is-layout-constrained wp-block-group-is-layout-constrained\">\n<p><strong>C\u00e9r\u00e9monie d&rsquo;inauguration<\/strong><br>Salle de concert et Art Centre Pliska \u2022 Fondation Pliskart \u2022 Pliska, Bulgarie, 1er ao\u00fbt 2014, 18h<br>Exposition <em><strong>100 ans Boris Hristov<\/strong><\/em>, c\u00e9l\u00e8bre chanteur d&rsquo;op\u00e9ra bulgare, n\u00e9 \u00e0 Plovdiv le 18 mai 1914, mort \u00e0 Rome le 28 juin 1993.<\/p>\n<\/div><\/div>\n","protected":false},"excerpt":{"rendered":"<p>\u041e\u0444\u0438\u0446\u0438\u0430\u043b\u043d\u043e \u043e\u0442\u043a\u0440\u0438\u0432\u0430\u043d\u0435\u041a\u043e\u043d\u0446\u0435\u0440\u0442\u043d\u0430 \u0437\u0430\u043b\u0430 \u0438 \u0410\u0442\u0440 \u0440\u0435\u0437\u0438\u0434\u0435\u043d\u0446\u0438\u044f \u041f\u043b\u0438\u0441\u043a\u0430 \u2022 \u0424\u043e\u043d\u0434\u0430\u0446\u0438\u044f \u041f\u043b\u0438\u0441\u043a\u0430\u0440\u0442 \u2022\u041f\u044a\u0440\u0432\u0438 \u0430\u0432\u0433\u0443\u0441\u0442, \u043d\u0430\u0446\u0438\u043e\u043d\u0430\u043b\u0435\u043d \u043f\u0440\u0430\u0437\u043d\u0438\u043a \u043d\u0430 \u0428\u0432\u0435\u0439\u0446\u0430\u0440\u0438\u044f, 18 \u0447\u0430\u0441\u0430 \u0432 \u0433\u0440\u0430\u0434 \u041f\u043b\u0438\u0441\u043a\u0430, \u0443\u043b\u0438\u0446\u0430 \u00ab\u00a0\u041f\u0438\u0440\u0438\u043d\u00a0\u00bb 10.\u0418\u0437\u043b\u043e\u0436\u0431\u0430 \u0441 \u0444\u043e\u0442\u043e\u0433\u0440\u0430\u0444\u0438\u0438, \u043f\u043e\u0441\u0432\u0435\u0442\u0435\u043d\u0430 \u043d\u0430 100 \u0433\u043e\u0434\u0438\u0448\u043d\u0438\u043d\u0430\u0442\u0430 \u043e\u0442 \u0440\u043e\u0436\u0434\u0435\u043d\u0438\u0435\u0442\u043e \u043d\u0430 \u0433\u043e\u043b\u0435\u043c\u0438\u044f \u0431\u044a\u043b\u0433\u0430\u0440\u0441\u043a\u0438 \u043e\u043f\u0435\u0440\u0435\u043d \u043f\u0435\u0432\u0435\u0446 \u0411\u043e\u0440\u0438\u0441 \u0425\u0440\u0438\u0441\u0442\u043e\u0432 (\u043d\u0430 \u0431\u044a\u043b\u0433\u0430\u0440\u0441\u043a\u0438 \u0438 \u0430\u043d\u0433\u043b\u0438\u0439\u0441\u043a\u0438 \u0435\u0437\u0438\u043a). C\u00e9r\u00e9monie d&rsquo;inaugurationSalle de concert et Art Centre Pliska \u2022 Fondation Pliskart&hellip;<a href=\"https:\/\/veneziela-naydenova.com\/?page_id=112\" class=\"more-link\">Continue reading <span class=\"screen-reader-text\">Inauguration 2014<\/span><\/a><\/p>\n","protected":false},"author":1,"featured_media":0,"parent":7,"menu_order":0,"comment_status":"closed","ping_status":"closed","template":"","meta":{"jetpack_post_was_ever_published":false,"footnotes":""},"class_list":["post-112","page","type-page","status-publish","hentry"],"jetpack_sharing_enabled":true,"jetpack_shortlink":"https:\/\/wp.me\/P9rIUe-1O","_links":{"self":[{"href":"https:\/\/veneziela-naydenova.com\/index.php?rest_route=\/wp\/v2\/pages\/112","targetHints":{"allow":["GET"]}}],"collection":[{"href":"https:\/\/veneziela-naydenova.com\/index.php?rest_route=\/wp\/v2\/pages"}],"about":[{"href":"https:\/\/veneziela-naydenova.com\/index.php?rest_route=\/wp\/v2\/types\/page"}],"author":[{"embeddable":true,"href":"https:\/\/veneziela-naydenova.com\/index.php?rest_route=\/wp\/v2\/users\/1"}],"replies":[{"embeddable":true,"href":"https:\/\/veneziela-naydenova.com\/index.php?rest_route=%2Fwp%2Fv2%2Fcomments&post=112"}],"version-history":[{"count":10,"href":"https:\/\/veneziela-naydenova.com\/index.php?rest_route=\/wp\/v2\/pages\/112\/revisions"}],"predecessor-version":[{"id":2094,"href":"https:\/\/veneziela-naydenova.com\/index.php?rest_route=\/wp\/v2\/pages\/112\/revisions\/2094"}],"up":[{"embeddable":true,"href":"https:\/\/veneziela-naydenova.com\/index.php?rest_route=\/wp\/v2\/pages\/7"}],"wp:attachment":[{"href":"https:\/\/veneziela-naydenova.com\/index.php?rest_route=%2Fwp%2Fv2%2Fmedia&parent=112"}],"curies":[{"name":"wp","href":"https:\/\/api.w.org\/{rel}","templated":true}]}}