{"id":1515,"date":"2020-08-03T11:08:49","date_gmt":"2020-08-03T10:08:49","guid":{"rendered":"http:\/\/veneziela-naydenova.com\/?page_id=1515"},"modified":"2022-12-10T23:55:57","modified_gmt":"2022-12-10T22:55:57","slug":"recherche","status":"publish","type":"page","link":"http:\/\/veneziela-naydenova.com\/?page_id=1515","title":{"rendered":"Formation"},"content":{"rendered":"\n<div class=\"wp-block-group\"><div class=\"wp-block-group__inner-container is-layout-flow wp-block-group-is-layout-flow\">\n<div class=\"wp-block-group\"><div class=\"wp-block-group__inner-container is-layout-flow wp-block-group-is-layout-flow\">\n<p><strong>Doctorat \u00e8s lettres en Musicologie<\/strong><br>Universit\u00e9 de Fribourg, 2022<br>Th\u00e8se: <em>Musique vocale et sc\u00e9nique d\u2019Edison Denisov<\/em><br>sous la direction du Prof. Luca Zoppelli<\/p>\n<\/div><\/div>\n<\/div><\/div>\n\n\n\n<p><strong>Dipl\u00f4me de culture musicale<\/strong><br>Gen\u00e8ve, 1997<br>Prix du Conseil d\u2019\u00c9tat de Gen\u00e8ve, 1997<br>M\u00e9moire: <em>Quelques tendances en mati\u00e8re de musique contemporaine pour orgue<\/em><\/p>\n\n\n\n<p><strong><strong>Master in Musicology<\/strong><\/strong><br>Sofia, 1986<br>M\u00e9moire: <em>La dramaturgie musicale de l\u2019op\u00e9ra Salammb\u00f4 de Vesselin Stoyanov \u2013 l\u2019expression de la dialectique entre les traditions musicales nationales et europ\u00e9ennes<\/em><\/p>\n\n\n\n<p><\/p>\n\n\n\n<p><\/p>\n\n\n\n<p><\/p>\n\n\n\n<p><\/p>\n","protected":false},"excerpt":{"rendered":"<p>Doctorat \u00e8s lettres en MusicologieUniversit\u00e9 de Fribourg, 2022Th\u00e8se: Musique vocale et sc\u00e9nique d\u2019Edison Denisovsous la direction du Prof. Luca Zoppelli Dipl\u00f4me de culture musicaleGen\u00e8ve, 1997Prix du Conseil d\u2019\u00c9tat de Gen\u00e8ve, 1997M\u00e9moire: Quelques tendances en mati\u00e8re de musique contemporaine pour orgue Master in MusicologySofia, 1986M\u00e9moire: La dramaturgie musicale de l\u2019op\u00e9ra Salammb\u00f4 de Vesselin Stoyanov \u2013 l\u2019expression&hellip;<a href=\"http:\/\/veneziela-naydenova.com\/?page_id=1515\" class=\"more-link\">Continue reading <span class=\"screen-reader-text\">Formation<\/span><\/a><\/p>\n","protected":false},"author":1,"featured_media":0,"parent":0,"menu_order":0,"comment_status":"closed","ping_status":"closed","template":"","meta":{"jetpack_post_was_ever_published":false,"footnotes":""},"class_list":["post-1515","page","type-page","status-publish","hentry"],"jetpack_sharing_enabled":true,"jetpack_shortlink":"https:\/\/wp.me\/P9rIUe-or","_links":{"self":[{"href":"http:\/\/veneziela-naydenova.com\/index.php?rest_route=\/wp\/v2\/pages\/1515","targetHints":{"allow":["GET"]}}],"collection":[{"href":"http:\/\/veneziela-naydenova.com\/index.php?rest_route=\/wp\/v2\/pages"}],"about":[{"href":"http:\/\/veneziela-naydenova.com\/index.php?rest_route=\/wp\/v2\/types\/page"}],"author":[{"embeddable":true,"href":"http:\/\/veneziela-naydenova.com\/index.php?rest_route=\/wp\/v2\/users\/1"}],"replies":[{"embeddable":true,"href":"http:\/\/veneziela-naydenova.com\/index.php?rest_route=%2Fwp%2Fv2%2Fcomments&post=1515"}],"version-history":[{"count":7,"href":"http:\/\/veneziela-naydenova.com\/index.php?rest_route=\/wp\/v2\/pages\/1515\/revisions"}],"predecessor-version":[{"id":1864,"href":"http:\/\/veneziela-naydenova.com\/index.php?rest_route=\/wp\/v2\/pages\/1515\/revisions\/1864"}],"wp:attachment":[{"href":"http:\/\/veneziela-naydenova.com\/index.php?rest_route=%2Fwp%2Fv2%2Fmedia&parent=1515"}],"curies":[{"name":"wp","href":"https:\/\/api.w.org\/{rel}","templated":true}]}}